{"id":3657,"date":"2025-11-14T10:35:20","date_gmt":"2025-11-14T09:35:20","guid":{"rendered":"https:\/\/enolie.com\/?page_id=3657"},"modified":"2026-03-31T17:49:37","modified_gmt":"2026-03-31T15:49:37","slug":"about-enolie","status":"publish","type":"page","link":"https:\/\/enolie.com\/fr\/about-enolie\/","title":{"rendered":"About"},"content":{"rendered":"<div class=\"et_pb_section_0 et_pb_section et_pb_fullwidth_section et_section_regular et_block_section\">\n<section class=\"et_pb_fullwidth_header_0 et_pb_fullwidth_header et_pb_fullscreen et_pb_bg_layout_dark et_pb_text_align_center et_pb_module et_flex_module\"><div class=\"et_pb_fullwidth_header_container center\"><div class=\"header-content-container center\"><div class=\"header-content et_flex_module\"><img loading=\"lazy\" decoding=\"async\" src=\"https:\/\/enolie.com\/wp-content\/uploads\/2026\/03\/ENOLIE_LOGO_BANNER.webp\" alt=\"Logo for the website of Enolie, a French artist and acrylic painter based in the south of France.\" width=\"1920\" height=\"1080\" srcset=\"https:\/\/enolie.com\/wp-content\/uploads\/2026\/03\/ENOLIE_LOGO_BANNER.webp 1920w, https:\/\/enolie.com\/wp-content\/uploads\/2026\/03\/ENOLIE_LOGO_BANNER-1280x720.webp 1280w, https:\/\/enolie.com\/wp-content\/uploads\/2026\/03\/ENOLIE_LOGO_BANNER-980x551.webp 980w, https:\/\/enolie.com\/wp-content\/uploads\/2026\/03\/ENOLIE_LOGO_BANNER-480x270.webp 480w\" sizes=\"(min-width: 0px) and (max-width: 480px) 480px, (min-width: 481px) and (max-width: 980px) 980px, (min-width: 981px) and (max-width: 1280px) 1280px, (min-width: 1281px) 1920px, 100vw\" class=\"header-logo wp-image-4454\" title=\"ENOLIE_LOGO_BANNER\" \/><div class=\"et_pb_header_button_wrapper\"><\/div><\/div><\/div><\/div><div class=\"et_pb_fullwidth_header_overlay\"><\/div><div class=\"et_pb_fullwidth_header_scroll\"><\/div><\/section>\n<\/div>\n\n<div class=\"et_pb_section_1 et_pb_section et_pb_fullwidth_section et_section_regular et_block_section\"><div class=\"et_pb_fullwidth_menu_0 et_pb_fullwidth_menu et_pb_fullwidth_menu--without-logo et_pb_fullwidth_menu--style-centered et_dropdown_animation_fade et_pb_bg_layout_light et_pb_text_align_right-tablet et_pb_text_align_right-phone et_pb_module\"><div class=\"et_pb_row\"><div class=\"et_pb_menu__wrap\"><div class=\"et_pb_menu__menu\"><nav class=\"et-menu-nav fullwidth-menu-nav\"><ul id=\"menu-menu-principal-en\" class=\"et-menu fullwidth-menu nav downwards\"><li id=\"menu-item-3759\" class=\"et_pb_menu_page_id-home menu-item menu-item-type-post_type menu-item-object-page menu-item-home menu-item-3759\"><a href=\"https:\/\/enolie.com\/fr\/\">ACCUEIL<\/a><\/li>\n<li id=\"menu-item-3786\" class=\"et_pb_menu_page_id-3657 menu-item menu-item-type-post_type menu-item-object-page menu-item-3786\"><a href=\"https:\/\/enolie.com\/fr\/about-enolie\/\">A PROPOS<\/a><\/li>\n<li id=\"menu-item-3957\" class=\"et_pb_menu_page_id-3682 menu-item menu-item-type-post_type menu-item-object-page menu-item-3957\"><a href=\"https:\/\/enolie.com\/fr\/contact-enolie\/\">CONTACT<\/a><\/li>\n<li id=\"menu-item-4627\" class=\"et_pb_menu_page_id-4236 menu-item menu-item-type-post_type menu-item-object-page menu-item-4627\"><a href=\"https:\/\/enolie.com\/fr\/archives-enolie\/\">ARCHIVES<\/a><\/li>\n<\/ul><\/nav><\/div><div class=\"et_mobile_nav_menu\"><div class=\"mobile_nav closed\"><span class=\"mobile_menu_bar\"><\/span><\/div><\/div><\/div><\/div><\/div><\/div>\n\n<div class=\"et_pb_section_2 et_pb_section et_section_regular et_block_section\">\n<div class=\"et_pb_row_0 et_pb_row et_pb_equal_columns et_pb_gutters2 et_block_row\">\n<div class=\"et_pb_column_0 et_pb_column et_pb_column_1_2 et_block_column et_pb_css_mix_blend_mode_passthrough\">\n<div class=\"et_pb_image_0 et_pb_image et_pb_module et_block_module\"><span class=\"et_pb_image_wrap\"><img loading=\"lazy\" decoding=\"async\" src=\"https:\/\/enolie.com\/wp-content\/uploads\/2026\/02\/Enolie_Studio.webp\" width=\"933\" height=\"1400\" srcset=\"https:\/\/enolie.com\/wp-content\/uploads\/2026\/02\/Enolie_Studio.webp 933w, https:\/\/enolie.com\/wp-content\/uploads\/2026\/02\/Enolie_Studio-480x720.webp 480w\" sizes=\"(min-width: 0px) and (max-width: 480px) 480px, (min-width: 481px) 933px, 100vw\" class=\"wp-image-4322\" title=\"Enolie\" alt=\"Photo of Enolie, a French artist and painter, taken in her art studio.\" \/><\/span><\/div>\n<\/div>\n\n<div class=\"et_pb_column_1 et_pb_column et_pb_column_1_2 et-last-child et_block_column et_pb_css_mix_blend_mode_passthrough\">\n<div class=\"et_pb_text_0 et_pb_text et_pb_bg_layout_light et_pb_module et_block_module et_pb_text_align_center preset--module--divi-text--default\"><div class=\"et_pb_text_inner\"><h2>A propos d'Enolie<\/h2>\n<\/div><\/div>\n\n<div class=\"et_pb_text_1 et_pb_text et_pb_bg_layout_light et_pb_module et_block_module et_pb_text_align_justified preset--module--divi-text--default\"><div class=\"et_pb_text_inner\"><p>Enolie est une artiste peintre dans le sud de la France, dipl\u00f4m\u00e9e de l'\u00e9cole d'art Emile Cohl. Son univers se d\u00e9ploie \u00e0 travers des \u0153uvres color\u00e9es vibrantes \u00e0 l'acrylique, profond\u00e9ment ancr\u00e9es dans la contemplation de la nature. Dans chacun de ses tableaux, elle cherche \u00e0 traduire une \u00e9motion, une atmosph\u00e8re \u2014 une mani\u00e8re de rendre visible ce qui, souvent, ne se laisse percevoir qu\u2019\u00e0 travers le silence ou l\u2019\u00e9merveillement.<\/p>\n<p>Pour Enolie, le choix des couleurs occupe une place essentielle dans son processus cr\u00e9atif. L\u2019artiste privil\u00e9gie une palette vive et expressive : des bleus profonds, des verts \u00e9clatants, des jaunes solaires, des roses chaleureux. Ses compositions se distinguent par un \u00e9quilibre ma\u00eetris\u00e9 entre harmonie et \u00e9nergie, entre douceur et vigueur, au travers desquelles transpara\u00eet une atmosph\u00e8re onirique. La couleur, elle, n\u2019est jamais un simple attribut esth\u00e9tique ; elle constitue le c\u0153ur m\u00eame de son langage artistique.<\/p>\n<p>L'\u0153uvre d\u2019Enolie traduit une qu\u00eate de sens et d\u2019apaisement. En cr\u00e9ant, elle cherche \u00e0 rappeler la beaut\u00e9 simple et in\u00e9puisable du monde naturel, trop souvent oubli\u00e9e dans le rythme effr\u00e9n\u00e9 du quotidien. Sa peinture devient ainsi un espace de ressourcement, une invitation \u00e0 ralentir, \u00e0 se reconnecter \u00e0 ce qui est essentiel et vivant.<\/p>\n<p>Son processus cr\u00e9atif commence souvent \u00e0 l\u2019ext\u00e9rieur : une balade, un d\u00e9tail observ\u00e9, une atmosph\u00e8re particuli\u00e8re. Une fois dans son atelier, elle transforme ces impressions en peintures vivantes. L\u2019acrylique lui permet de travailler avec souplesse tout en superposant les couches, ce qui donne \u00e0 ses \u0153uvres une texture douce et une profondeur mesur\u00e9e.<\/p>\n<p>Au fil du temps, Enolie a d\u00e9velopp\u00e9 une signature esth\u00e9tique reconnaissable, faite de couleurs vibrantes et de compositions o\u00f9 la lumi\u00e8re semble circuler librement. Largement influenc\u00e9e par les ma\u00eetres de l'impressionnisme, elle a su s'approprier ce style et le moderniser pour cr\u00e9er des tableaux singuliers.<\/p>\n<\/div><\/div>\n<\/div>\n<\/div>\n\n<div class=\"et_pb_row_1 et_pb_row et_pb_row_4col et_pb_equal_columns et_pb_gutters2 et_block_row et_block_row_4col\">\n<div class=\"et_pb_column_2 et_pb_column et_pb_column_1_4 et_block_column et_pb_css_mix_blend_mode_passthrough\">\n<div class=\"et_pb_image_1 et_pb_image et_pb_module et_block_module\"><span class=\"et_pb_image_wrap\"><img loading=\"lazy\" decoding=\"async\" src=\"https:\/\/enolie.com\/wp-content\/uploads\/2026\/01\/Enolie_and_brushes-scaled.webp\" width=\"2560\" height=\"2560\" srcset=\"https:\/\/enolie.com\/wp-content\/uploads\/2026\/01\/Enolie_and_brushes-scaled.webp 2560w, https:\/\/enolie.com\/wp-content\/uploads\/2026\/01\/Enolie_and_brushes-1280x1280.webp 1280w, https:\/\/enolie.com\/wp-content\/uploads\/2026\/01\/Enolie_and_brushes-980x980.webp 980w, https:\/\/enolie.com\/wp-content\/uploads\/2026\/01\/Enolie_and_brushes-480x480.webp 480w\" sizes=\"(min-width: 0px) and (max-width: 480px) 480px, (min-width: 481px) and (max-width: 980px) 980px, (min-width: 981px) and (max-width: 1280px) 1280px, (min-width: 1281px) 2560px, 100vw\" class=\"wp-image-4082\" title=\"Enolie_and_brushes\" alt=\"Close-up of the hand of Enolie, French artist and painter, choosing her brushes with which to paint.\" \/><\/span><\/div>\n<\/div>\n\n<div class=\"et_pb_column_3 et_pb_column et_pb_column_1_4 et_block_column et_pb_css_mix_blend_mode_passthrough\">\n<div class=\"et_pb_image_2 et_pb_image et_pb_module et_block_module\"><span class=\"et_pb_image_wrap\"><img loading=\"lazy\" decoding=\"async\" src=\"https:\/\/enolie.com\/wp-content\/uploads\/2026\/01\/Enolie_apron-scaled.webp\" width=\"2560\" height=\"2560\" srcset=\"https:\/\/enolie.com\/wp-content\/uploads\/2026\/01\/Enolie_apron-scaled.webp 2560w, https:\/\/enolie.com\/wp-content\/uploads\/2026\/01\/Enolie_apron-1280x1280.webp 1280w, https:\/\/enolie.com\/wp-content\/uploads\/2026\/01\/Enolie_apron-980x980.webp 980w, https:\/\/enolie.com\/wp-content\/uploads\/2026\/01\/Enolie_apron-480x480.webp 480w\" sizes=\"(min-width: 0px) and (max-width: 480px) 480px, (min-width: 481px) and (max-width: 980px) 980px, (min-width: 981px) and (max-width: 1280px) 1280px, (min-width: 1281px) 2560px, 100vw\" class=\"wp-image-4083\" title=\"Enolie_apron\" alt=\"Close-up on the apron of Enolie, a French artist and painter, that she uses to paint and create art.\" \/><\/span><\/div>\n<\/div>\n\n<div class=\"et_pb_column_4 et_pb_column et_pb_column_1_4 et_block_column et_pb_css_mix_blend_mode_passthrough\">\n<div class=\"et_pb_image_3 et_pb_image et_pb_module et_block_module\"><span class=\"et_pb_image_wrap\"><img loading=\"lazy\" decoding=\"async\" src=\"https:\/\/enolie.com\/wp-content\/uploads\/2026\/01\/Enolie_Palette.webp\" width=\"1080\" height=\"1080\" srcset=\"https:\/\/enolie.com\/wp-content\/uploads\/2026\/01\/Enolie_Palette.webp 1080w, https:\/\/enolie.com\/wp-content\/uploads\/2026\/01\/Enolie_Palette-980x980.webp 980w, https:\/\/enolie.com\/wp-content\/uploads\/2026\/01\/Enolie_Palette-480x480.webp 480w\" sizes=\"(min-width: 0px) and (max-width: 480px) 480px, (min-width: 481px) and (max-width: 980px) 980px, (min-width: 981px) 1080px, 100vw\" class=\"wp-image-4085\" title=\"Enolie_Palette\" alt=\"Palette used by Enolie, a French artist and painter, for painting her artworks.\" \/><\/span><\/div>\n<\/div>\n\n<div class=\"et_pb_column_5 et_pb_column et_pb_column_1_4 et-last-child et_block_column et_pb_css_mix_blend_mode_passthrough\">\n<div class=\"et_pb_image_4 et_pb_image et_pb_module et_block_module\"><span class=\"et_pb_image_wrap\"><img loading=\"lazy\" decoding=\"async\" src=\"https:\/\/enolie.com\/wp-content\/uploads\/2026\/01\/Enolie_at_work-scaled.webp\" width=\"2560\" height=\"2560\" srcset=\"https:\/\/enolie.com\/wp-content\/uploads\/2026\/01\/Enolie_at_work-scaled.webp 2560w, https:\/\/enolie.com\/wp-content\/uploads\/2026\/01\/Enolie_at_work-1280x1280.webp 1280w, https:\/\/enolie.com\/wp-content\/uploads\/2026\/01\/Enolie_at_work-980x980.webp 980w, https:\/\/enolie.com\/wp-content\/uploads\/2026\/01\/Enolie_at_work-480x480.webp 480w\" sizes=\"(min-width: 0px) and (max-width: 480px) 480px, (min-width: 481px) and (max-width: 980px) 980px, (min-width: 981px) and (max-width: 1280px) 1280px, (min-width: 1281px) 2560px, 100vw\" class=\"wp-image-4084\" title=\"Enolie_at_work\" alt=\"Photo of Enolie, a French artist and painter, taken while she was painting in her art studio.\" \/><\/span><\/div>\n<\/div>\n<\/div>\n<\/div>\n\n<div class=\"et_pb_section_3 et_pb_section et_section_regular et_block_section\">\n<div class=\"et_pb_row_2 et_pb_row et_block_row\">\n<div class=\"et_pb_column_6 et_pb_column et_pb_column_4_4 et-last-child et_block_column et_pb_css_mix_blend_mode_passthrough\">\n<div class=\"et_pb_text_2 et_pb_text et_pb_bg_layout_light et_pb_module et_block_module preset--module--divi-text--default\"><div class=\"et_pb_text_inner\"><h3>Newsletter mensuelle<\/h3>\n<\/div><\/div>\n<\/div>\n<\/div>\n\n<div class=\"et_pb_row_3 et_pb_row et_block_row\">\n<div class=\"et_pb_column_7 et_pb_column et_pb_column_3_5 et_block_column et_pb_css_mix_blend_mode_passthrough\">\n<div class=\"et_pb_text_3 et_pb_text et_pb_bg_layout_light et_pb_module et_block_module preset--module--divi-text--default\"><div class=\"et_pb_text_inner\"><p style=\"text-align: left;\">Rejoignez le cercle priv\u00e9 d'Enolie pour recevoir ses derni\u00e8res actualit\u00e9s, profiter d'un acc\u00e8s anticip\u00e9 \u00e0 sa boutique en ligne et bien plus encore.<\/p>\n<\/div><\/div>\n\n<div class=\"et_pb_text_4 et_pb_text et_pb_bg_layout_light et_pb_module et_block_module preset--module--divi-text--default\"><div class=\"et_pb_text_inner\"><p style=\"text-align: left;\">En remplissant ce formulaire, vous vous inscrivez pour recevoir des e-mails de la part d'Enolie et pouvez vous d\u00e9sabonner \u00e0 tout moment.<\/p>\n<\/div><\/div>\n<\/div>\n\n<div class=\"et_pb_column_8 et_pb_column et_pb_column_2_5 et-last-child et_block_column et_pb_css_mix_blend_mode_passthrough\">\n<div class=\"et_pb_code_0 et_pb_code et_pb_module\"><div class=\"et_pb_code_inner\">                <div class=\"ml-embedded\" data-form=\"rnuUCe\"><\/div>\n            <\/div><\/div>\n<\/div>\n<\/div>\n<\/div>\n\n<div class=\"et_pb_section_4 et_pb_section et_section_regular et_block_section\">\n<div class=\"et_pb_row_4 et_pb_row et_pb_equal_columns et_pb_gutters2 et_block_row\">\n<div class=\"et_pb_column_9 et_pb_column et_pb_column_1_3 et_block_column et_pb_css_mix_blend_mode_passthrough\">\n<div class=\"et_pb_image_5 et_pb_image et_pb_module et_block_module\"><span class=\"et_pb_image_wrap\"><img loading=\"lazy\" decoding=\"async\" src=\"https:\/\/enolie.com\/wp-content\/uploads\/2025\/11\/ENOLIE_LOGO_GREEN.webp\" width=\"1920\" height=\"1080\" srcset=\"https:\/\/enolie.com\/wp-content\/uploads\/2025\/11\/ENOLIE_LOGO_GREEN.webp 1920w, https:\/\/enolie.com\/wp-content\/uploads\/2025\/11\/ENOLIE_LOGO_GREEN-1280x720.webp 1280w, https:\/\/enolie.com\/wp-content\/uploads\/2025\/11\/ENOLIE_LOGO_GREEN-980x551.webp 980w, https:\/\/enolie.com\/wp-content\/uploads\/2025\/11\/ENOLIE_LOGO_GREEN-480x270.webp 480w\" sizes=\"(min-width: 0px) and (max-width: 480px) 480px, (min-width: 481px) and (max-width: 980px) 980px, (min-width: 981px) and (max-width: 1280px) 1280px, (min-width: 1281px) 1920px, 100vw\" class=\"wp-image-3639\" title=\"ENOLIE_LOGO_GREEN\" \/><\/span><\/div>\n<\/div>\n\n<div class=\"et_pb_column_10 et_pb_column et_pb_column_1_3 et_block_column et_pb_column_empty et_pb_css_mix_blend_mode_passthrough\"><\/div>\n\n<div class=\"et_pb_column_11 et_pb_column et_pb_column_1_3 et-last-child et_block_column et_pb_css_mix_blend_mode_passthrough\">\n<div class=\"et_pb_text_5 et_pb_text et_pb_bg_layout_light et_pb_module et_block_module preset--module--divi-text--default\"><div class=\"et_pb_text_inner\"><p><a href=\"https:\/\/enolie.com\/fr\/about\/\">A PROPOS<\/a><\/p>\n<p><a href=\"https:\/\/enolie.com\/fr\/contact-enolie\/\">CONTACT<\/a><\/p>\n<p><a href=\"https:\/\/enolie.com\/fr\/legal-notice\/\">MENTIONS LEGALES<\/a><\/p>\n<p><a href=\"https:\/\/enolie.com\/fr\/cookie-policy\/\">POLITIQUE DE COOKIES<\/a><\/p>\n<\/div><\/div>\n\n<ul class=\"et_pb_social_media_follow_0 et_pb_social_media_follow clearfix et_pb_bg_layout_light et_pb_module et_block_module\">\n<li class=\"et_pb_social_media_follow_network_0 et_pb_social_media_follow_network et_pb_social_icon et_pb_social_network_link et-social-instagram et_pb_module et_flex_module\"><a href=\"https:\/\/www.instagram.com\/enolie_art\/\" class=\"icon\" target=\"_self\" title=\"Suivre sur Instagram\" rel=\"noopener\"><span class=\"et_pb_social_media_follow_network_name\">Suivre<\/span><\/a><\/li>\n\n<li class=\"et_pb_social_media_follow_network_1 et_pb_social_media_follow_network et_pb_social_icon et_pb_social_network_link et-social-youtube et_pb_module et_flex_module\"><a href=\"https:\/\/www.youtube.com\/@enolie\" class=\"icon\" target=\"_self\" title=\"Suivre sur Youtube\" rel=\"noopener\"><span class=\"et_pb_social_media_follow_network_name\">Suivre<\/span><\/a><\/li>\n<\/ul>\n<\/div>\n<\/div>\n<\/div>","protected":false},"excerpt":{"rendered":"","protected":false},"author":1,"featured_media":0,"parent":0,"menu_order":0,"comment_status":"closed","ping_status":"closed","template":"","meta":{"footnotes":""},"class_list":["post-3657","page","type-page","status-publish","hentry"],"yoast_head":"<!-- This site is optimized with the Yoast SEO plugin v27.4 - https:\/\/yoast.com\/product\/yoast-seo-wordpress\/ -->\n<title>Enolie | About<\/title>\n<meta name=\"robots\" content=\"index, follow, max-snippet:-1, max-image-preview:large, max-video-preview:-1\" \/>\n<link rel=\"canonical\" href=\"https:\/\/enolie.com\/fr\/about-enolie\/\" \/>\n<meta property=\"og:locale\" content=\"fr_FR\" \/>\n<meta property=\"og:type\" content=\"article\" \/>\n<meta property=\"og:title\" content=\"Enolie | About\" \/>\n<meta property=\"og:url\" content=\"https:\/\/enolie.com\/fr\/about-enolie\/\" \/>\n<meta property=\"og:site_name\" content=\"Enolie\" \/>\n<meta property=\"article:modified_time\" content=\"2026-03-31T15:49:37+00:00\" \/>\n<meta name=\"twitter:card\" content=\"summary_large_image\" \/>\n<meta name=\"twitter:label1\" content=\"Dur\u00e9e de lecture estim\u00e9e\" \/>\n\t<meta name=\"twitter:data1\" content=\"3 minutes\" \/>\n<script type=\"application\/ld+json\" class=\"yoast-schema-graph\">{\"@context\":\"https:\\\/\\\/schema.org\",\"@graph\":[{\"@type\":\"WebPage\",\"@id\":\"https:\\\/\\\/enolie.com\\\/about-enolie\\\/\",\"url\":\"https:\\\/\\\/enolie.com\\\/about-enolie\\\/\",\"name\":\"Enolie | About\",\"isPartOf\":{\"@id\":\"https:\\\/\\\/enolie.com\\\/#website\"},\"datePublished\":\"2025-11-14T09:35:20+00:00\",\"dateModified\":\"2026-03-31T15:49:37+00:00\",\"breadcrumb\":{\"@id\":\"https:\\\/\\\/enolie.com\\\/about-enolie\\\/#breadcrumb\"},\"inLanguage\":\"fr-FR\",\"potentialAction\":[{\"@type\":\"ReadAction\",\"target\":[\"https:\\\/\\\/enolie.com\\\/about-enolie\\\/\"]}]},{\"@type\":\"BreadcrumbList\",\"@id\":\"https:\\\/\\\/enolie.com\\\/about-enolie\\\/#breadcrumb\",\"itemListElement\":[{\"@type\":\"ListItem\",\"position\":1,\"name\":\"Accueil\",\"item\":\"https:\\\/\\\/enolie.com\\\/\"},{\"@type\":\"ListItem\",\"position\":2,\"name\":\"About\"}]},{\"@type\":\"WebSite\",\"@id\":\"https:\\\/\\\/enolie.com\\\/#website\",\"url\":\"https:\\\/\\\/enolie.com\\\/\",\"name\":\"Enolie\",\"description\":\"Artiste peintre\",\"publisher\":{\"@id\":\"https:\\\/\\\/enolie.com\\\/#organization\"},\"potentialAction\":[{\"@type\":\"SearchAction\",\"target\":{\"@type\":\"EntryPoint\",\"urlTemplate\":\"https:\\\/\\\/enolie.com\\\/?s={search_term_string}\"},\"query-input\":{\"@type\":\"PropertyValueSpecification\",\"valueRequired\":true,\"valueName\":\"search_term_string\"}}],\"inLanguage\":\"fr-FR\"},{\"@type\":\"Organization\",\"@id\":\"https:\\\/\\\/enolie.com\\\/#organization\",\"name\":\"Enolie\",\"url\":\"https:\\\/\\\/enolie.com\\\/\",\"logo\":{\"@type\":\"ImageObject\",\"inLanguage\":\"fr-FR\",\"@id\":\"https:\\\/\\\/enolie.com\\\/#\\\/schema\\\/logo\\\/image\\\/\",\"url\":\"https:\\\/\\\/enolie.com\\\/wp-content\\\/uploads\\\/2022\\\/07\\\/cropped-Favicon_Tulipe2-1.png\",\"contentUrl\":\"https:\\\/\\\/enolie.com\\\/wp-content\\\/uploads\\\/2022\\\/07\\\/cropped-Favicon_Tulipe2-1.png\",\"width\":512,\"height\":512,\"caption\":\"Enolie\"},\"image\":{\"@id\":\"https:\\\/\\\/enolie.com\\\/#\\\/schema\\\/logo\\\/image\\\/\"},\"sameAs\":[\"https:\\\/\\\/www.instagram.com\\\/enolie_art\\\/\",\"https:\\\/\\\/www.pinterest.fr\\\/enolie_art\\\/_saved\\\/\"]}]}<\/script>\n<!-- \/ Yoast SEO plugin. -->","yoast_head_json":{"title":"Enolie | About","robots":{"index":"index","follow":"follow","max-snippet":"max-snippet:-1","max-image-preview":"max-image-preview:large","max-video-preview":"max-video-preview:-1"},"canonical":"https:\/\/enolie.com\/fr\/about-enolie\/","og_locale":"fr_FR","og_type":"article","og_title":"Enolie | About","og_url":"https:\/\/enolie.com\/fr\/about-enolie\/","og_site_name":"Enolie","article_modified_time":"2026-03-31T15:49:37+00:00","twitter_card":"summary_large_image","twitter_misc":{"Dur\u00e9e de lecture estim\u00e9e":"3 minutes"},"schema":{"@context":"https:\/\/schema.org","@graph":[{"@type":"WebPage","@id":"https:\/\/enolie.com\/about-enolie\/","url":"https:\/\/enolie.com\/about-enolie\/","name":"Enolie | About","isPartOf":{"@id":"https:\/\/enolie.com\/#website"},"datePublished":"2025-11-14T09:35:20+00:00","dateModified":"2026-03-31T15:49:37+00:00","breadcrumb":{"@id":"https:\/\/enolie.com\/about-enolie\/#breadcrumb"},"inLanguage":"fr-FR","potentialAction":[{"@type":"ReadAction","target":["https:\/\/enolie.com\/about-enolie\/"]}]},{"@type":"BreadcrumbList","@id":"https:\/\/enolie.com\/about-enolie\/#breadcrumb","itemListElement":[{"@type":"ListItem","position":1,"name":"Accueil","item":"https:\/\/enolie.com\/"},{"@type":"ListItem","position":2,"name":"About"}]},{"@type":"WebSite","@id":"https:\/\/enolie.com\/#website","url":"https:\/\/enolie.com\/","name":"Enolie","description":"Artiste peintre","publisher":{"@id":"https:\/\/enolie.com\/#organization"},"potentialAction":[{"@type":"SearchAction","target":{"@type":"EntryPoint","urlTemplate":"https:\/\/enolie.com\/?s={search_term_string}"},"query-input":{"@type":"PropertyValueSpecification","valueRequired":true,"valueName":"search_term_string"}}],"inLanguage":"fr-FR"},{"@type":"Organization","@id":"https:\/\/enolie.com\/#organization","name":"Enolie","url":"https:\/\/enolie.com\/","logo":{"@type":"ImageObject","inLanguage":"fr-FR","@id":"https:\/\/enolie.com\/#\/schema\/logo\/image\/","url":"https:\/\/enolie.com\/wp-content\/uploads\/2022\/07\/cropped-Favicon_Tulipe2-1.png","contentUrl":"https:\/\/enolie.com\/wp-content\/uploads\/2022\/07\/cropped-Favicon_Tulipe2-1.png","width":512,"height":512,"caption":"Enolie"},"image":{"@id":"https:\/\/enolie.com\/#\/schema\/logo\/image\/"},"sameAs":["https:\/\/www.instagram.com\/enolie_art\/","https:\/\/www.pinterest.fr\/enolie_art\/_saved\/"]}]}},"_links":{"self":[{"href":"https:\/\/enolie.com\/fr\/wp-json\/wp\/v2\/pages\/3657","targetHints":{"allow":["GET"]}}],"collection":[{"href":"https:\/\/enolie.com\/fr\/wp-json\/wp\/v2\/pages"}],"about":[{"href":"https:\/\/enolie.com\/fr\/wp-json\/wp\/v2\/types\/page"}],"author":[{"embeddable":true,"href":"https:\/\/enolie.com\/fr\/wp-json\/wp\/v2\/users\/1"}],"replies":[{"embeddable":true,"href":"https:\/\/enolie.com\/fr\/wp-json\/wp\/v2\/comments?post=3657"}],"version-history":[{"count":49,"href":"https:\/\/enolie.com\/fr\/wp-json\/wp\/v2\/pages\/3657\/revisions"}],"predecessor-version":[{"id":4501,"href":"https:\/\/enolie.com\/fr\/wp-json\/wp\/v2\/pages\/3657\/revisions\/4501"}],"wp:attachment":[{"href":"https:\/\/enolie.com\/fr\/wp-json\/wp\/v2\/media?parent=3657"}],"curies":[{"name":"wp","href":"https:\/\/api.w.org\/{rel}","templated":true}]}}