{"id":3883,"date":"2026-01-14T08:21:16","date_gmt":"2026-01-14T07:21:16","guid":{"rendered":"https:\/\/enolie.com\/?page_id=3883"},"modified":"2026-03-18T17:20:42","modified_gmt":"2026-03-18T16:20:42","slug":"contacter-enolie","status":"publish","type":"page","link":"https:\/\/enolie.com\/fr\/contacter-enolie\/","title":{"rendered":"Contact"},"content":{"rendered":"<div class=\"et_pb_section_0 et_pb_section et_pb_fullwidth_section et_section_regular et_block_section\">\n<section class=\"et_pb_fullwidth_header_0 et_pb_fullwidth_header et_pb_fullscreen et_pb_bg_layout_dark et_pb_text_align_center et_pb_module et_flex_module\"><div class=\"et_pb_fullwidth_header_container center\"><div class=\"header-content-container center\"><div class=\"header-content et_flex_module\"><img loading=\"lazy\" decoding=\"async\" src=\"https:\/\/enolie.com\/wp-content\/uploads\/2025\/11\/ENOLIE_LOGO_BANNER.webp\" alt=\"Logo du site web d&#039;Enolie, artiste fran\u00e7aise et peintre acrylique install\u00e9e dans le sud de la France.\" width=\"1920\" height=\"1080\" srcset=\"https:\/\/enolie.com\/wp-content\/uploads\/2025\/11\/ENOLIE_LOGO_BANNER.webp 1920w, https:\/\/enolie.com\/wp-content\/uploads\/2025\/11\/ENOLIE_LOGO_BANNER-1280x720.webp 1280w, https:\/\/enolie.com\/wp-content\/uploads\/2025\/11\/ENOLIE_LOGO_BANNER-980x551.webp 980w, https:\/\/enolie.com\/wp-content\/uploads\/2025\/11\/ENOLIE_LOGO_BANNER-480x270.webp 480w\" sizes=\"(min-width: 0px) and (max-width: 480px) 480px, (min-width: 481px) and (max-width: 980px) 980px, (min-width: 981px) and (max-width: 1280px) 1280px, (min-width: 1281px) 1920px, 100vw\" class=\"header-logo wp-image-3638\" title=\"Logo du site web d&#039;Enolie, artiste fran\u00e7aise et peintre acrylique install\u00e9e dans le sud de la France.\" \/><div class=\"et_pb_header_button_wrapper\"><\/div><\/div><\/div><\/div><div class=\"et_pb_fullwidth_header_overlay\"><\/div><div class=\"et_pb_fullwidth_header_scroll\"><\/div><\/section>\n<\/div>\n\n<div class=\"et_pb_section_1 et_pb_section et_pb_fullwidth_section et_section_regular et_block_section\">\n<div class=\"et_pb_fullwidth_menu_0 et_pb_fullwidth_menu et_pb_fullwidth_menu--without-logo et_pb_fullwidth_menu--style-centered et_dropdown_animation_fade et_pb_bg_layout_light et_pb_text_align_right-tablet et_pb_text_align_right-phone et_pb_module\"><div class=\"et_pb_row\"><div class=\"et_pb_menu__wrap\"><div class=\"et_pb_menu__menu\"><nav class=\"et-menu-nav fullwidth-menu-nav\"><ul id=\"menu-menu-principal-en\" class=\"et-menu fullwidth-menu nav downwards\"><li id=\"menu-item-3759\" class=\"et_pb_menu_page_id-home menu-item menu-item-type-post_type menu-item-object-page menu-item-home menu-item-3759\"><a href=\"https:\/\/enolie.com\/fr\/\">ACCUEIL<\/a><\/li>\n<li id=\"menu-item-3786\" class=\"et_pb_menu_page_id-3657 menu-item menu-item-type-post_type menu-item-object-page menu-item-3786\"><a href=\"https:\/\/enolie.com\/fr\/about-enolie\/\">A PROPOS<\/a><\/li>\n<li id=\"menu-item-3957\" class=\"et_pb_menu_page_id-3682 menu-item menu-item-type-post_type menu-item-object-page menu-item-3957\"><a href=\"https:\/\/enolie.com\/fr\/contact-enolie\/\">CONTACT<\/a><\/li>\n<li id=\"menu-item-4627\" class=\"et_pb_menu_page_id-4236 menu-item menu-item-type-post_type menu-item-object-page menu-item-4627\"><a href=\"https:\/\/enolie.com\/fr\/archives-enolie\/\">ARCHIVES<\/a><\/li>\n<\/ul><\/nav><\/div><div class=\"et_mobile_nav_menu\"><div class=\"mobile_nav closed\"><span class=\"mobile_menu_bar\"><\/span><\/div><\/div><\/div><\/div><\/div>\n<\/div>\n\n<div class=\"et_pb_section_2 et_pb_section et_section_regular et_block_section\">\n<div class=\"et_pb_row_0 et_pb_row et_block_row\">\n<div class=\"et_pb_column_0 et_pb_column et_pb_column_4_4 et-last-child et_block_column et_pb_css_mix_blend_mode_passthrough\">\n<div class=\"et_pb_text_0 et_pb_text et_pb_bg_layout_light et_pb_module et_block_module preset--module--divi-text--default\"><div class=\"et_pb_text_inner\"><h1 style=\"text-align: center;\">Contact<\/h1>\n<\/div><\/div>\n\n<div class=\"et_pb_text_1 et_pb_text et_pb_bg_layout_light et_pb_module et_block_module preset--module--divi-text--default\"><div class=\"et_pb_text_inner\"><p>Que vous soyez un particulier souhaitant passer une commande personnalis\u00e9e aupr\u00e8s d'Enolie ou un professionnel \u00e0 la recherche d'un partenariat, il vous suffit de remplir le formulaire ci-dessous.<\/p>\n<\/div><\/div>\n<\/div>\n<\/div>\n\n<div class=\"et_pb_row_1 et_pb_row et_block_row\">\n<div class=\"et_pb_column_1 et_pb_column et_pb_column_4_4 et-last-child et_block_column et_pb_css_mix_blend_mode_passthrough\">\n<div class=\"et_pb_code_0 et_pb_code et_pb_module\"><div class=\"et_pb_code_inner\">\n<div class=\"wpcf7 no-js\" id=\"wpcf7-f1654-o1\" lang=\"fr-FR\" dir=\"ltr\" data-wpcf7-id=\"1654\">\n<div class=\"screen-reader-response\"><p role=\"status\" aria-live=\"polite\" aria-atomic=\"true\"><\/p> <ul><\/ul><\/div>\n<form action=\"\/fr\/wp-json\/wp\/v2\/pages\/3883#wpcf7-f1654-o1\" method=\"post\" class=\"wpcf7-form init\" aria-label=\"Formulaire de contact\" novalidate=\"novalidate\" data-status=\"init\" data-trp-original-action=\"\/fr\/wp-json\/wp\/v2\/pages\/3883#wpcf7-f1654-o1\">\n<fieldset class=\"hidden-fields-container\"><input type=\"hidden\" name=\"_wpcf7\" value=\"1654\" \/><input type=\"hidden\" name=\"_wpcf7_version\" value=\"6.1.5\" \/><input type=\"hidden\" name=\"_wpcf7_locale\" value=\"fr_FR\" \/><input type=\"hidden\" name=\"_wpcf7_unit_tag\" value=\"wpcf7-f1654-o1\" \/><input type=\"hidden\" name=\"_wpcf7_container_post\" value=\"0\" \/><input type=\"hidden\" name=\"_wpcf7_posted_data_hash\" value=\"\" \/>\n<\/fieldset>\n<div id=\"responsive-form\" class=\"clearfix\">\n\t<div class=\"form-row\">\n\t\t<div class=\"column-half\">\n\t\t\t<p><label> Pr\u00e9nom <span class=\"wpcf7-form-control-wrap\" data-name=\"Prenom\"><input size=\"40\" maxlength=\"400\" class=\"wpcf7-form-control wpcf7-text wpcf7-validates-as-required\" aria-required=\"true\" aria-invalid=\"false\" value=\"\" type=\"text\" name=\"Prenom\" \/><\/span><\/label>\n\t\t\t<\/p>\n\t\t<\/div>\n\t\t<div class=\"column-half\">\n\t\t\t<p><label> Nom <span class=\"wpcf7-form-control-wrap\" data-name=\"your-name\"><input size=\"40\" maxlength=\"400\" class=\"wpcf7-form-control wpcf7-text wpcf7-validates-as-required\" autocomplete=\"name\" aria-required=\"true\" aria-invalid=\"false\" value=\"\" type=\"text\" name=\"your-name\" \/><\/span><\/label>\n\t\t\t<\/p>\n\t\t<\/div>\n\t<\/div>\n\t<div class=\"form-row\">\n\t\t<div class=\"column-full\">\n\t\t\t<p><label>E-mail <span class=\"wpcf7-form-control-wrap\" data-name=\"your-email\"><input size=\"40\" maxlength=\"400\" class=\"wpcf7-form-control wpcf7-email wpcf7-validates-as-required wpcf7-text wpcf7-validates-as-email\" autocomplete=\"email\" aria-required=\"true\" aria-invalid=\"false\" value=\"\" type=\"email\" name=\"your-email\" \/><\/span><\/label>\n\t\t\t<\/p>\n\t\t<\/div>\n\t<\/div>\n\t<div class=\"form-row\">\n\t\t<div class=\"column-full\">\n\t\t\t<p><label>Objet<br \/>\n<span class=\"wpcf7-form-control-wrap\" data-name=\"your-subject\"><input size=\"40\" maxlength=\"400\" class=\"wpcf7-form-control wpcf7-text wpcf7-validates-as-required\" aria-required=\"true\" aria-invalid=\"false\" value=\"\" type=\"text\" name=\"your-subject\" \/><\/span><\/label>\n\t\t\t<\/p>\n\t\t<\/div>\n\t<\/div>\n\t<div class=\"form-row\">\n\t\t<div class=\"column-full\">\n\t\t\t<p><label>Votre message <span class=\"wpcf7-form-control-wrap\" data-name=\"your-message\"><textarea cols=\"40\" rows=\"10\" maxlength=\"2000\" class=\"wpcf7-form-control wpcf7-textarea wpcf7-validates-as-required\" aria-required=\"true\" aria-invalid=\"false\" name=\"your-message\"><\/textarea><\/span><\/label>\n\t\t\t<\/p>\n\t\t<\/div>\n\t<\/div>\n\t<p><span id=\"wpcf7-69ecfe77e6101-wrapper\" class=\"wpcf7-form-control-wrap Site-wrap\" style=\"display:none !important; visibility:hidden !important;\"><label for=\"wpcf7-69ecfe77e6101-field\" class=\"hp-message\">Veuillez laisser ce champ vide.<\/label><input id=\"wpcf7-69ecfe77e6101-field\"  class=\"wpcf7-form-control wpcf7-text\" type=\"text\" name=\"Site\" value=\"\" size=\"40\" tabindex=\"-1\" autocomplete=\"new-password\" \/><\/span>\n\t<\/p>\n\t<div class=\"form-row\">\n\t\t<div class=\"column-half\">\n\t\t\t<p><span class=\"wpcf7-form-control-wrap\" data-name=\"quiz-1234\"><label><span class=\"wpcf7-quiz-label\">7+2= ?<\/span> <input size=\"40\" class=\"wpcf7-form-control wpcf7-quiz\" autocomplete=\"off\" aria-required=\"true\" aria-invalid=\"false\" type=\"text\" name=\"quiz-1234\" \/><\/label><input type=\"hidden\" name=\"_wpcf7_quiz_answer_quiz-1234\" value=\"94313ed3edbe5161e3fab5f7dcc824ea\" \/><\/span><br \/>\n<label>Cette question prot\u00e8ge du spam<\/label>\n\t\t\t<\/p>\n\t\t<\/div>\n\t\t<div class=\"column-half\">\n\t\t\t<p><span class=\"wpcf7-form-control-wrap\" data-name=\"optional\"><span class=\"wpcf7-form-control wpcf7-acceptance\"><span class=\"wpcf7-list-item\"><label><input type=\"checkbox\" name=\"optional\" value=\"1\" aria-invalid=\"false\" \/><span class=\"wpcf7-list-item-label\">J'accepte que mon adresse soit stock\u00e9e pour recevoir une r\u00e9ponse<\/span><\/label><\/span><\/span><\/span>\n\t\t\t<\/p>\n\t\t<\/div>\n\t<\/div>\n\t<div class=\"form-row\">\n\t\t<div class=\"column-full\">\n\t\t\t<p><input class=\"wpcf7-form-control wpcf7-submit has-spinner\" type=\"submit\" value=\"Envoyer\" \/>\n\t\t\t<\/p>\n\t\t<\/div>\n\t<\/div>\n\t<p><div class=\"gglcptch gglcptch_v3\"><input type=\"hidden\" id=\"g-recaptcha-response\" name=\"g-recaptcha-response\" \/><br \/><div class=\"gglcptch_error_text\">La p\u00e9riode de v\u00e9rification reCAPTCHA a expir\u00e9. Veuillez recharger la page.<\/div><\/div>\n\t<\/p>\n<\/div><div class=\"wpcf7-response-output\" aria-hidden=\"true\"><\/div>\n<input type=\"hidden\" name=\"trp-form-language\" value=\"fr\"\/><\/form>\n<\/div>\n<\/div><\/div>\n<\/div>\n<\/div>\n<\/div>\n\n<div class=\"et_pb_section_3 et_pb_section et_section_regular et_block_section\">\n<div class=\"et_pb_row_2 et_pb_row et_block_row\">\n<div class=\"et_pb_column_2 et_pb_column et_pb_column_4_4 et-last-child et_block_column et_pb_css_mix_blend_mode_passthrough\">\n<div class=\"et_pb_text_2 et_pb_text et_pb_bg_layout_light et_pb_module et_block_module preset--module--divi-text--default\"><div class=\"et_pb_text_inner\"><h3>Newsletter mensuelle<\/h3>\n<\/div><\/div>\n<\/div>\n<\/div>\n\n<div class=\"et_pb_row_3 et_pb_row et_block_row\">\n<div class=\"et_pb_column_3 et_pb_column et_pb_column_3_5 et_block_column et_pb_css_mix_blend_mode_passthrough\">\n<div class=\"et_pb_text_3 et_pb_text et_pb_bg_layout_light et_pb_module et_block_module preset--module--divi-text--default\"><div class=\"et_pb_text_inner\"><p style=\"text-align: left;\">Rejoignez le cercle priv\u00e9 d'Enolie pour recevoir ses derni\u00e8res actualit\u00e9s, profiter d'un acc\u00e8s anticip\u00e9 \u00e0 sa boutique en ligne et bien plus encore.<\/p>\n<\/div><\/div>\n\n<div class=\"et_pb_text_4 et_pb_text et_pb_bg_layout_light et_pb_module et_block_module preset--module--divi-text--default\"><div class=\"et_pb_text_inner\"><p style=\"text-align: left;\">En remplissant ce formulaire, vous vous inscrivez pour recevoir des e-mails de la part d'Enolie et pouvez vous d\u00e9sabonner \u00e0 tout moment.<\/p>\n<\/div><\/div>\n<\/div>\n\n<div class=\"et_pb_column_4 et_pb_column et_pb_column_2_5 et-last-child et_block_column et_pb_css_mix_blend_mode_passthrough\">\n<div class=\"et_pb_code_1 et_pb_code et_pb_module\"><div class=\"et_pb_code_inner\">                <div class=\"ml-embedded\" data-form=\"9ibdHO\"><\/div>\n            <\/div><\/div>\n<\/div>\n<\/div>\n<\/div>\n\n<div class=\"et_pb_section_4 et_pb_section et_section_regular et_block_section\">\n<div class=\"et_pb_row_4 et_pb_row et_pb_equal_columns et_block_row\">\n<div class=\"et_pb_column_5 et_pb_column et_pb_column_1_3 et_block_column et_pb_css_mix_blend_mode_passthrough\">\n<div class=\"et_pb_image_0 et_pb_image et_pb_module et_block_module\"><span class=\"et_pb_image_wrap\"><img loading=\"lazy\" decoding=\"async\" src=\"https:\/\/enolie.com\/wp-content\/uploads\/2025\/11\/ENOLIE_LOGO_GREEN.webp\" width=\"1920\" height=\"1080\" srcset=\"https:\/\/enolie.com\/wp-content\/uploads\/2025\/11\/ENOLIE_LOGO_GREEN.webp 1920w, https:\/\/enolie.com\/wp-content\/uploads\/2025\/11\/ENOLIE_LOGO_GREEN-1280x720.webp 1280w, https:\/\/enolie.com\/wp-content\/uploads\/2025\/11\/ENOLIE_LOGO_GREEN-980x551.webp 980w, https:\/\/enolie.com\/wp-content\/uploads\/2025\/11\/ENOLIE_LOGO_GREEN-480x270.webp 480w\" sizes=\"(min-width: 0px) and (max-width: 480px) 480px, (min-width: 481px) and (max-width: 980px) 980px, (min-width: 981px) and (max-width: 1280px) 1280px, (min-width: 1281px) 1920px, 100vw\" class=\"wp-image-3639\" title=\"ENOLIE_LOGO_GREEN\" \/><\/span><\/div>\n<\/div>\n\n<div class=\"et_pb_column_6 et_pb_column et_pb_column_1_3 et_block_column et_pb_column_empty et_pb_css_mix_blend_mode_passthrough\"><\/div>\n\n<div class=\"et_pb_column_7 et_pb_column et_pb_column_1_3 et-last-child et_block_column et_pb_css_mix_blend_mode_passthrough\">\n<div class=\"et_pb_text_5 et_pb_text et_pb_bg_layout_light et_pb_module et_block_module preset--module--divi-text--default\"><div class=\"et_pb_text_inner\"><p><a href=\"https:\/\/enolie.com\/fr\/a-propos\/\">A PROPOS<\/a><\/p>\n<p><a href=\"https:\/\/enolie.com\/fr\/contacter-enolie\/\">CONTACT<\/a><\/p>\n<p><a href=\"https:\/\/enolie.com\/fr\/mentions-legales\/\">MENTIONS L\u00c9GALES<\/a><\/p>\n<p><a href=\"https:\/\/enolie.com\/fr\/politique-de-cookies\/\">POLITIQUE DE COOKIES<\/a><\/p>\n<\/div><\/div>\n\n<ul class=\"et_pb_social_media_follow_0 et_pb_social_media_follow clearfix et_pb_bg_layout_light et_pb_module et_block_module\">\n<li class=\"et_pb_social_media_follow_network_0 et_pb_social_media_follow_network et_pb_social_icon et_pb_social_network_link et-social-instagram et_pb_module et_flex_module\"><a href=\"https:\/\/www.instagram.com\/enolie_art\/\" class=\"icon\" target=\"_self\" title=\"Suivre sur Instagram\" rel=\"noopener\"><span class=\"et_pb_social_media_follow_network_name\">Suivre<\/span><\/a><\/li>\n\n<li class=\"et_pb_social_media_follow_network_1 et_pb_social_media_follow_network et_pb_social_icon et_pb_social_network_link et-social-youtube et_pb_module et_flex_module\"><a href=\"https:\/\/www.youtube.com\/@enolie\" class=\"icon\" target=\"_self\" title=\"Suivre sur Youtube\" rel=\"noopener\"><span class=\"et_pb_social_media_follow_network_name\">Suivre<\/span><\/a><\/li>\n<\/ul>\n<\/div>\n<\/div>\n<\/div>","protected":false},"excerpt":{"rendered":"","protected":false},"author":1,"featured_media":0,"parent":0,"menu_order":0,"comment_status":"closed","ping_status":"closed","template":"","meta":{"footnotes":""},"class_list":["post-3883","page","type-page","status-publish","hentry"],"yoast_head":"<!-- This site is optimized with the Yoast SEO plugin v27.4 - https:\/\/yoast.com\/product\/yoast-seo-wordpress\/ -->\n<title>Enolie | Contact<\/title>\n<meta name=\"description\" content=\"Si vous avez besoin de contacter Enolie pour un projet professionnel, un partenariat ou passer une commande d&#039;oeuvre personnalis\u00e9e.\" \/>\n<meta name=\"robots\" content=\"index, follow, max-snippet:-1, max-image-preview:large, max-video-preview:-1\" \/>\n<link rel=\"canonical\" href=\"https:\/\/enolie.com\/fr\/contacter-enolie\/\" \/>\n<meta property=\"og:locale\" content=\"fr_FR\" \/>\n<meta property=\"og:type\" content=\"article\" \/>\n<meta property=\"og:title\" content=\"Enolie | Contact\" \/>\n<meta property=\"og:description\" content=\"Si vous avez besoin de contacter Enolie pour un projet professionnel, un partenariat ou passer une commande d&#039;oeuvre personnalis\u00e9e.\" \/>\n<meta property=\"og:url\" content=\"https:\/\/enolie.com\/fr\/contacter-enolie\/\" \/>\n<meta property=\"og:site_name\" content=\"Enolie\" \/>\n<meta property=\"article:modified_time\" content=\"2026-03-18T16:20:42+00:00\" \/>\n<meta name=\"twitter:card\" content=\"summary_large_image\" \/>\n<meta name=\"twitter:label1\" content=\"Dur\u00e9e de lecture estim\u00e9e\" \/>\n\t<meta name=\"twitter:data1\" content=\"1 minute\" \/>\n<script type=\"application\/ld+json\" class=\"yoast-schema-graph\">{\"@context\":\"https:\\\/\\\/schema.org\",\"@graph\":[{\"@type\":\"WebPage\",\"@id\":\"https:\\\/\\\/enolie.com\\\/contacter-enolie\\\/\",\"url\":\"https:\\\/\\\/enolie.com\\\/contacter-enolie\\\/\",\"name\":\"Enolie | Contact\",\"isPartOf\":{\"@id\":\"https:\\\/\\\/enolie.com\\\/#website\"},\"datePublished\":\"2026-01-14T07:21:16+00:00\",\"dateModified\":\"2026-03-18T16:20:42+00:00\",\"description\":\"Si vous avez besoin de contacter Enolie pour un projet professionnel, un partenariat ou passer une commande d'oeuvre personnalis\u00e9e.\",\"breadcrumb\":{\"@id\":\"https:\\\/\\\/enolie.com\\\/contacter-enolie\\\/#breadcrumb\"},\"inLanguage\":\"fr-FR\",\"potentialAction\":[{\"@type\":\"ReadAction\",\"target\":[\"https:\\\/\\\/enolie.com\\\/contacter-enolie\\\/\"]}]},{\"@type\":\"BreadcrumbList\",\"@id\":\"https:\\\/\\\/enolie.com\\\/contacter-enolie\\\/#breadcrumb\",\"itemListElement\":[{\"@type\":\"ListItem\",\"position\":1,\"name\":\"Accueil\",\"item\":\"https:\\\/\\\/enolie.com\\\/\"},{\"@type\":\"ListItem\",\"position\":2,\"name\":\"Contact\"}]},{\"@type\":\"WebSite\",\"@id\":\"https:\\\/\\\/enolie.com\\\/#website\",\"url\":\"https:\\\/\\\/enolie.com\\\/\",\"name\":\"Enolie\",\"description\":\"Artiste peintre\",\"publisher\":{\"@id\":\"https:\\\/\\\/enolie.com\\\/#organization\"},\"potentialAction\":[{\"@type\":\"SearchAction\",\"target\":{\"@type\":\"EntryPoint\",\"urlTemplate\":\"https:\\\/\\\/enolie.com\\\/?s={search_term_string}\"},\"query-input\":{\"@type\":\"PropertyValueSpecification\",\"valueRequired\":true,\"valueName\":\"search_term_string\"}}],\"inLanguage\":\"fr-FR\"},{\"@type\":\"Organization\",\"@id\":\"https:\\\/\\\/enolie.com\\\/#organization\",\"name\":\"Enolie\",\"url\":\"https:\\\/\\\/enolie.com\\\/\",\"logo\":{\"@type\":\"ImageObject\",\"inLanguage\":\"fr-FR\",\"@id\":\"https:\\\/\\\/enolie.com\\\/#\\\/schema\\\/logo\\\/image\\\/\",\"url\":\"https:\\\/\\\/enolie.com\\\/wp-content\\\/uploads\\\/2022\\\/07\\\/cropped-Favicon_Tulipe2-1.png\",\"contentUrl\":\"https:\\\/\\\/enolie.com\\\/wp-content\\\/uploads\\\/2022\\\/07\\\/cropped-Favicon_Tulipe2-1.png\",\"width\":512,\"height\":512,\"caption\":\"Enolie\"},\"image\":{\"@id\":\"https:\\\/\\\/enolie.com\\\/#\\\/schema\\\/logo\\\/image\\\/\"},\"sameAs\":[\"https:\\\/\\\/www.instagram.com\\\/enolie_art\\\/\",\"https:\\\/\\\/www.pinterest.fr\\\/enolie_art\\\/_saved\\\/\"]}]}<\/script>\n<!-- \/ Yoast SEO plugin. -->","yoast_head_json":{"title":"Enolie | Contact","description":"Si vous avez besoin de contacter Enolie pour un projet professionnel, un partenariat ou passer une commande d'oeuvre personnalis\u00e9e.","robots":{"index":"index","follow":"follow","max-snippet":"max-snippet:-1","max-image-preview":"max-image-preview:large","max-video-preview":"max-video-preview:-1"},"canonical":"https:\/\/enolie.com\/fr\/contacter-enolie\/","og_locale":"fr_FR","og_type":"article","og_title":"Enolie | Contact","og_description":"Si vous avez besoin de contacter Enolie pour un projet professionnel, un partenariat ou passer une commande d'oeuvre personnalis\u00e9e.","og_url":"https:\/\/enolie.com\/fr\/contacter-enolie\/","og_site_name":"Enolie","article_modified_time":"2026-03-18T16:20:42+00:00","twitter_card":"summary_large_image","twitter_misc":{"Dur\u00e9e de lecture estim\u00e9e":"1 minute"},"schema":{"@context":"https:\/\/schema.org","@graph":[{"@type":"WebPage","@id":"https:\/\/enolie.com\/contacter-enolie\/","url":"https:\/\/enolie.com\/contacter-enolie\/","name":"Enolie | Contact","isPartOf":{"@id":"https:\/\/enolie.com\/#website"},"datePublished":"2026-01-14T07:21:16+00:00","dateModified":"2026-03-18T16:20:42+00:00","description":"Si vous avez besoin de contacter Enolie pour un projet professionnel, un partenariat ou passer une commande d'oeuvre personnalis\u00e9e.","breadcrumb":{"@id":"https:\/\/enolie.com\/contacter-enolie\/#breadcrumb"},"inLanguage":"fr-FR","potentialAction":[{"@type":"ReadAction","target":["https:\/\/enolie.com\/contacter-enolie\/"]}]},{"@type":"BreadcrumbList","@id":"https:\/\/enolie.com\/contacter-enolie\/#breadcrumb","itemListElement":[{"@type":"ListItem","position":1,"name":"Accueil","item":"https:\/\/enolie.com\/"},{"@type":"ListItem","position":2,"name":"Contact"}]},{"@type":"WebSite","@id":"https:\/\/enolie.com\/#website","url":"https:\/\/enolie.com\/","name":"Enolie","description":"Artiste peintre","publisher":{"@id":"https:\/\/enolie.com\/#organization"},"potentialAction":[{"@type":"SearchAction","target":{"@type":"EntryPoint","urlTemplate":"https:\/\/enolie.com\/?s={search_term_string}"},"query-input":{"@type":"PropertyValueSpecification","valueRequired":true,"valueName":"search_term_string"}}],"inLanguage":"fr-FR"},{"@type":"Organization","@id":"https:\/\/enolie.com\/#organization","name":"Enolie","url":"https:\/\/enolie.com\/","logo":{"@type":"ImageObject","inLanguage":"fr-FR","@id":"https:\/\/enolie.com\/#\/schema\/logo\/image\/","url":"https:\/\/enolie.com\/wp-content\/uploads\/2022\/07\/cropped-Favicon_Tulipe2-1.png","contentUrl":"https:\/\/enolie.com\/wp-content\/uploads\/2022\/07\/cropped-Favicon_Tulipe2-1.png","width":512,"height":512,"caption":"Enolie"},"image":{"@id":"https:\/\/enolie.com\/#\/schema\/logo\/image\/"},"sameAs":["https:\/\/www.instagram.com\/enolie_art\/","https:\/\/www.pinterest.fr\/enolie_art\/_saved\/"]}]}},"_links":{"self":[{"href":"https:\/\/enolie.com\/fr\/wp-json\/wp\/v2\/pages\/3883","targetHints":{"allow":["GET"]}}],"collection":[{"href":"https:\/\/enolie.com\/fr\/wp-json\/wp\/v2\/pages"}],"about":[{"href":"https:\/\/enolie.com\/fr\/wp-json\/wp\/v2\/types\/page"}],"author":[{"embeddable":true,"href":"https:\/\/enolie.com\/fr\/wp-json\/wp\/v2\/users\/1"}],"replies":[{"embeddable":true,"href":"https:\/\/enolie.com\/fr\/wp-json\/wp\/v2\/comments?post=3883"}],"version-history":[{"count":21,"href":"https:\/\/enolie.com\/fr\/wp-json\/wp\/v2\/pages\/3883\/revisions"}],"predecessor-version":[{"id":4463,"href":"https:\/\/enolie.com\/fr\/wp-json\/wp\/v2\/pages\/3883\/revisions\/4463"}],"wp:attachment":[{"href":"https:\/\/enolie.com\/fr\/wp-json\/wp\/v2\/media?parent=3883"}],"curies":[{"name":"wp","href":"https:\/\/api.w.org\/{rel}","templated":true}]}}