{"id":3933,"date":"2026-01-14T10:06:11","date_gmt":"2026-01-14T09:06:11","guid":{"rendered":"https:\/\/enolie.com\/?page_id=3933"},"modified":"2026-04-25T11:52:08","modified_gmt":"2026-04-25T09:52:08","slug":"legal-notice","status":"publish","type":"page","link":"https:\/\/enolie.com\/fr\/legal-notice\/","title":{"rendered":"Legal notice"},"content":{"rendered":"<div class=\"et_pb_section_0 et_pb_section et_section_regular et_block_section\">\n<div class=\"et_pb_row_0 et_pb_row et_block_row\">\n<div class=\"et_pb_column_0 et_pb_column et_pb_column_4_4 et-last-child et_block_column et_pb_css_mix_blend_mode_passthrough\">\n<div class=\"et_pb_text_0 et_pb_text et_pb_bg_layout_light et_pb_module et_block_module preset--module--divi-text--default\"><div class=\"et_pb_text_inner\"><h1>Mentions l\u00e9gales<\/h1>\n<\/div><\/div>\n\n<div class=\"et_pb_text_1 et_pb_text et_pb_bg_layout_light et_pb_module et_block_module preset--module--divi-text--default\"><div class=\"et_pb_text_inner\"><p style=\"text-align: justify;\"><span style=\"font-family: Playfair Display; font-weight: normal; font-size: large;\"><strong>H\u00e9bergement<\/strong><\/span><\/p>\n<p style=\"text-align: justify;\">Le site web <a href=\"https:\/\/enolie.com\/fr\/\"><span style=\"color: ##c17376;\">https:\/\/enolie.com<\/span><\/a>, cr\u00e9\u00e9 sur WordPress, est h\u00e9berg\u00e9 par OVH, 2 rue Kellermann 59100 ROUBAIX et g\u00e9r\u00e9 par la soci\u00e9t\u00e9 Du PIXEL au REEL. <a href=\"https:\/\/pixel-reel.com\/#a-propos\" target=\"_blank\" rel=\"noopener\">Du PIXEL au REEL<\/a>.<\/p>\n<p style=\"text-align: justify;\"><span style=\"font-family: Playfair Display; font-weight: normal; font-size: large;\"><strong>Informatique et libert\u00e9s<\/strong><\/span><\/p>\n<p style=\"text-align: justify;\">Les informations personnelles recueillies sur ce site par l\u2019interm\u00e9diaire du formulaire de contact et du formulaire d'inscription \u00e0 la newsletter mensuelle ne sont pas utilis\u00e9es \u00e0 des fins commerciales. Elles ne sont ni publi\u00e9es, ni revendues \u00e0 l\u2019insu des utilisateurs.<\/p>\n<p style=\"text-align: justify;\">Les cookies utilis\u00e9s sur le site permettent de personnaliser le contenu et les annonces, d'offrir des fonctionnalit\u00e9s relatives aux m\u00e9dias sociaux et d'analyser le trafic. L\u2019utilisateur est en droit de les refuser.<\/p>\n<p>Les donn\u00e9es personnelles collect\u00e9es aupr\u00e8s des utilisateurs ont pour objectif la mise \u00e0 disposition des services du site web, leur am\u00e9lioration et le maintien d\u2019un environnement s\u00e9curis\u00e9.<\/p>\n<p>Le site web <a href=\"https:\/\/enolie.com\/fr\/\" target=\"_blank\" rel=\"noopener\">https:\/\/enolie.com<\/a> met en \u0153uvre des mesures techniques, logicielles et physiques en mati\u00e8re de s\u00e9curit\u00e9 du num\u00e9rique pour prot\u00e9ger les donn\u00e9es personnelles contre les alt\u00e9rations, destructions et acc\u00e8s non autoris\u00e9s.<\/p>\n<p>Internet n\u2019est pas un environnement compl\u00e8tement s\u00e9curis\u00e9 et le site ne peut pas garantir la s\u00e9curit\u00e9 de la transmission ou du stockage des informations sur internet.<\/p>\n<p style=\"text-align: justify;\">Conform\u00e9ment \u00e0 la loi \u00ab informatique et libert\u00e9s \u00bb du 6 janvier 1978 modifi\u00e9e, vous b\u00e9n\u00e9ficiez d\u2019un droit d\u2019acc\u00e8s, de rectification, de suppression des informations qui vous concernent, que vous pouvez exercer en adressant un e-mail \u00e0 l\u2019\u00e9diteur du site internet \u00e0 l\u2019adresse suivante : contact@enolie.com. <span style=\"color: #c17376;\"><a href=\"mailto:contact.enolie@gmail.com\" style=\"color: #c17376;\">contact@enolie.com<\/a><\/span>.<\/p>\n<p style=\"text-align: justify;\">Vos informations personnelles peuvent \u00eatre divulgu\u00e9es si la loi l'exige ou si vous enfreignez les conditions d'utilisation du site web.<\/p>\n<p style=\"text-align: justify;\"><span style=\"font-family: Playfair Display; font-weight: normal; font-size: large;\"><strong>Propri\u00e9t\u00e9s intellectuelles<\/strong><\/span><\/p>\n<p style=\"text-align: justify;\">Tous les contenus de ce site internet (textes, images, animations, logos), sauf mention contraire, sont la propri\u00e9t\u00e9 exclusive de l\u2019\u00e9diteur. Toute repr\u00e9sentation totale ou partielle de ce site et\/ou des visuels pr\u00e9sent\u00e9s est soumise \u00e0 l\u2019autorisation pr\u00e9alable, \u00e9crite et expresse de l\u2019\u00e9diteur.<\/p>\n<p style=\"text-align: justify;\"><span style=\"font-family: Playfair Display; font-weight: normal; font-size: large;\"><strong>Responsabilit\u00e9<\/strong><\/span><\/p>\n<p style=\"text-align: justify;\">L'\u00e9diteur ne saurait \u00eatre tenu pour responsable des erreurs rencontr\u00e9es sur le site, probl\u00e8mes techniques, authenticit\u00e9 et interpr\u00e9tation des informations publi\u00e9es et cons\u00e9quences de leur utilisation. Par cons\u00e9quent, l\u2019utilisateur reconna\u00eet utiliser ces informations sous sa responsabilit\u00e9 exclusive.<\/p>\n<p style=\"text-align: justify;\">Le site web <span style=\"color: #c17376;\"><a href=\"https:\/\/enolie.com\/fr\/\" style=\"color: #c17376;\">enolie.com<\/a><\/span> dispose d\u2019un certain nombre de liens hypertextes vers d\u2019autres sites internet qui ne sont pas g\u00e9r\u00e9s par l\u2019\u00e9diteur de ce site. Les utilisateurs sont en droit de ne pas suivre ces liens. Par ailleurs, la publication de liens hypertextes sur le site internet enolie.com ne signifie pas que l\u2019\u00e9diteur a v\u00e9rifi\u00e9 et valid\u00e9 les sites et contenus auxquels ces liens renvoient.<\/p>\n<\/div><\/div>\n\n<div class=\"et_pb_module et_pb_button_module_wrapper et_pb_button_0_wrapper\"><a class=\"et_pb_button_0 et_pb_button et_pb_bg_layout_light et_pb_module et_block_module\" href=\"https:\/\/enolie.com\/fr\/enolie-fine-art\/\" data-icon=\"5\">Retour \u00e0 l'accueil<\/a><\/div>\n<\/div>\n<\/div>\n<\/div>","protected":false},"excerpt":{"rendered":"","protected":false},"author":1,"featured_media":0,"parent":0,"menu_order":0,"comment_status":"closed","ping_status":"closed","template":"","meta":{"footnotes":""},"class_list":["post-3933","page","type-page","status-publish","hentry"],"yoast_head":"<!-- This site is optimized with the Yoast SEO plugin v27.4 - https:\/\/yoast.com\/product\/yoast-seo-wordpress\/ -->\n<title>Enolie | Legal notice<\/title>\n<meta name=\"description\" content=\"This page provides information about the legal notices specific to this site, in accordance with current legislation.\" \/>\n<meta name=\"robots\" content=\"index, follow, max-snippet:-1, max-image-preview:large, max-video-preview:-1\" \/>\n<link rel=\"canonical\" href=\"https:\/\/enolie.com\/fr\/legal-notice\/\" \/>\n<meta property=\"og:locale\" content=\"fr_FR\" \/>\n<meta property=\"og:type\" content=\"article\" \/>\n<meta property=\"og:title\" content=\"Enolie | Legal notice\" \/>\n<meta property=\"og:description\" content=\"This page provides information about the legal notices specific to this site, in accordance with current legislation.\" \/>\n<meta property=\"og:url\" content=\"https:\/\/enolie.com\/fr\/legal-notice\/\" \/>\n<meta property=\"og:site_name\" content=\"Enolie\" \/>\n<meta property=\"article:modified_time\" content=\"2026-04-25T09:52:08+00:00\" \/>\n<meta name=\"twitter:card\" content=\"summary_large_image\" \/>\n<meta name=\"twitter:label1\" content=\"Dur\u00e9e de lecture estim\u00e9e\" \/>\n\t<meta name=\"twitter:data1\" content=\"2 minutes\" \/>\n<script type=\"application\/ld+json\" class=\"yoast-schema-graph\">{\"@context\":\"https:\\\/\\\/schema.org\",\"@graph\":[{\"@type\":\"WebPage\",\"@id\":\"https:\\\/\\\/enolie.com\\\/legal-notice\\\/\",\"url\":\"https:\\\/\\\/enolie.com\\\/legal-notice\\\/\",\"name\":\"Enolie | Legal notice\",\"isPartOf\":{\"@id\":\"https:\\\/\\\/enolie.com\\\/#website\"},\"datePublished\":\"2026-01-14T09:06:11+00:00\",\"dateModified\":\"2026-04-25T09:52:08+00:00\",\"description\":\"This page provides information about the legal notices specific to this site, in accordance with current legislation.\",\"breadcrumb\":{\"@id\":\"https:\\\/\\\/enolie.com\\\/legal-notice\\\/#breadcrumb\"},\"inLanguage\":\"fr-FR\",\"potentialAction\":[{\"@type\":\"ReadAction\",\"target\":[\"https:\\\/\\\/enolie.com\\\/legal-notice\\\/\"]}]},{\"@type\":\"BreadcrumbList\",\"@id\":\"https:\\\/\\\/enolie.com\\\/legal-notice\\\/#breadcrumb\",\"itemListElement\":[{\"@type\":\"ListItem\",\"position\":1,\"name\":\"Accueil\",\"item\":\"https:\\\/\\\/enolie.com\\\/\"},{\"@type\":\"ListItem\",\"position\":2,\"name\":\"Legal notice\"}]},{\"@type\":\"WebSite\",\"@id\":\"https:\\\/\\\/enolie.com\\\/#website\",\"url\":\"https:\\\/\\\/enolie.com\\\/\",\"name\":\"Enolie\",\"description\":\"Artiste peintre\",\"publisher\":{\"@id\":\"https:\\\/\\\/enolie.com\\\/#organization\"},\"potentialAction\":[{\"@type\":\"SearchAction\",\"target\":{\"@type\":\"EntryPoint\",\"urlTemplate\":\"https:\\\/\\\/enolie.com\\\/?s={search_term_string}\"},\"query-input\":{\"@type\":\"PropertyValueSpecification\",\"valueRequired\":true,\"valueName\":\"search_term_string\"}}],\"inLanguage\":\"fr-FR\"},{\"@type\":\"Organization\",\"@id\":\"https:\\\/\\\/enolie.com\\\/#organization\",\"name\":\"Enolie\",\"url\":\"https:\\\/\\\/enolie.com\\\/\",\"logo\":{\"@type\":\"ImageObject\",\"inLanguage\":\"fr-FR\",\"@id\":\"https:\\\/\\\/enolie.com\\\/#\\\/schema\\\/logo\\\/image\\\/\",\"url\":\"https:\\\/\\\/enolie.com\\\/wp-content\\\/uploads\\\/2022\\\/07\\\/cropped-Favicon_Tulipe2-1.png\",\"contentUrl\":\"https:\\\/\\\/enolie.com\\\/wp-content\\\/uploads\\\/2022\\\/07\\\/cropped-Favicon_Tulipe2-1.png\",\"width\":512,\"height\":512,\"caption\":\"Enolie\"},\"image\":{\"@id\":\"https:\\\/\\\/enolie.com\\\/#\\\/schema\\\/logo\\\/image\\\/\"},\"sameAs\":[\"https:\\\/\\\/www.instagram.com\\\/enolie_art\\\/\",\"https:\\\/\\\/www.pinterest.fr\\\/enolie_art\\\/_saved\\\/\"]}]}<\/script>\n<!-- \/ Yoast SEO plugin. -->","yoast_head_json":{"title":"Enolie | Legal notice","description":"This page provides information about the legal notices specific to this site, in accordance with current legislation.","robots":{"index":"index","follow":"follow","max-snippet":"max-snippet:-1","max-image-preview":"max-image-preview:large","max-video-preview":"max-video-preview:-1"},"canonical":"https:\/\/enolie.com\/fr\/legal-notice\/","og_locale":"fr_FR","og_type":"article","og_title":"Enolie | Legal notice","og_description":"This page provides information about the legal notices specific to this site, in accordance with current legislation.","og_url":"https:\/\/enolie.com\/fr\/legal-notice\/","og_site_name":"Enolie","article_modified_time":"2026-04-25T09:52:08+00:00","twitter_card":"summary_large_image","twitter_misc":{"Dur\u00e9e de lecture estim\u00e9e":"2 minutes"},"schema":{"@context":"https:\/\/schema.org","@graph":[{"@type":"WebPage","@id":"https:\/\/enolie.com\/legal-notice\/","url":"https:\/\/enolie.com\/legal-notice\/","name":"Enolie | Legal notice","isPartOf":{"@id":"https:\/\/enolie.com\/#website"},"datePublished":"2026-01-14T09:06:11+00:00","dateModified":"2026-04-25T09:52:08+00:00","description":"This page provides information about the legal notices specific to this site, in accordance with current legislation.","breadcrumb":{"@id":"https:\/\/enolie.com\/legal-notice\/#breadcrumb"},"inLanguage":"fr-FR","potentialAction":[{"@type":"ReadAction","target":["https:\/\/enolie.com\/legal-notice\/"]}]},{"@type":"BreadcrumbList","@id":"https:\/\/enolie.com\/legal-notice\/#breadcrumb","itemListElement":[{"@type":"ListItem","position":1,"name":"Accueil","item":"https:\/\/enolie.com\/"},{"@type":"ListItem","position":2,"name":"Legal notice"}]},{"@type":"WebSite","@id":"https:\/\/enolie.com\/#website","url":"https:\/\/enolie.com\/","name":"Enolie","description":"Artiste peintre","publisher":{"@id":"https:\/\/enolie.com\/#organization"},"potentialAction":[{"@type":"SearchAction","target":{"@type":"EntryPoint","urlTemplate":"https:\/\/enolie.com\/?s={search_term_string}"},"query-input":{"@type":"PropertyValueSpecification","valueRequired":true,"valueName":"search_term_string"}}],"inLanguage":"fr-FR"},{"@type":"Organization","@id":"https:\/\/enolie.com\/#organization","name":"Enolie","url":"https:\/\/enolie.com\/","logo":{"@type":"ImageObject","inLanguage":"fr-FR","@id":"https:\/\/enolie.com\/#\/schema\/logo\/image\/","url":"https:\/\/enolie.com\/wp-content\/uploads\/2022\/07\/cropped-Favicon_Tulipe2-1.png","contentUrl":"https:\/\/enolie.com\/wp-content\/uploads\/2022\/07\/cropped-Favicon_Tulipe2-1.png","width":512,"height":512,"caption":"Enolie"},"image":{"@id":"https:\/\/enolie.com\/#\/schema\/logo\/image\/"},"sameAs":["https:\/\/www.instagram.com\/enolie_art\/","https:\/\/www.pinterest.fr\/enolie_art\/_saved\/"]}]}},"_links":{"self":[{"href":"https:\/\/enolie.com\/fr\/wp-json\/wp\/v2\/pages\/3933","targetHints":{"allow":["GET"]}}],"collection":[{"href":"https:\/\/enolie.com\/fr\/wp-json\/wp\/v2\/pages"}],"about":[{"href":"https:\/\/enolie.com\/fr\/wp-json\/wp\/v2\/types\/page"}],"author":[{"embeddable":true,"href":"https:\/\/enolie.com\/fr\/wp-json\/wp\/v2\/users\/1"}],"replies":[{"embeddable":true,"href":"https:\/\/enolie.com\/fr\/wp-json\/wp\/v2\/comments?post=3933"}],"version-history":[{"count":12,"href":"https:\/\/enolie.com\/fr\/wp-json\/wp\/v2\/pages\/3933\/revisions"}],"predecessor-version":[{"id":4602,"href":"https:\/\/enolie.com\/fr\/wp-json\/wp\/v2\/pages\/3933\/revisions\/4602"}],"wp:attachment":[{"href":"https:\/\/enolie.com\/fr\/wp-json\/wp\/v2\/media?parent=3933"}],"curies":[{"name":"wp","href":"https:\/\/api.w.org\/{rel}","templated":true}]}}