{"id":4236,"date":"2026-01-22T09:06:59","date_gmt":"2026-01-22T08:06:59","guid":{"rendered":"https:\/\/enolie.com\/?page_id=4236"},"modified":"2026-04-25T12:31:18","modified_gmt":"2026-04-25T10:31:18","slug":"archives-enolie","status":"publish","type":"page","link":"https:\/\/enolie.com\/fr\/archives-enolie\/","title":{"rendered":"Archives"},"content":{"rendered":"<div class=\"et_pb_section_0 et_pb_section et_pb_fullwidth_section et_section_regular et_block_section\">\n<section class=\"et_pb_fullwidth_header_0 et_pb_fullwidth_header et_pb_fullscreen et_pb_bg_layout_dark et_pb_text_align_center et_pb_module et_flex_module\"><div class=\"et_pb_fullwidth_header_container center\"><div class=\"header-content-container center\"><div class=\"header-content et_flex_module\"><img loading=\"lazy\" decoding=\"async\" src=\"https:\/\/enolie.com\/wp-content\/uploads\/2026\/03\/ENOLIE_LOGO_BANNER.webp\" alt=\"Logo for the website of Enolie, a French artist and acrylic painter based in the south of France.\" width=\"1920\" height=\"1080\" srcset=\"https:\/\/enolie.com\/wp-content\/uploads\/2026\/03\/ENOLIE_LOGO_BANNER.webp 1920w, https:\/\/enolie.com\/wp-content\/uploads\/2026\/03\/ENOLIE_LOGO_BANNER-1280x720.webp 1280w, https:\/\/enolie.com\/wp-content\/uploads\/2026\/03\/ENOLIE_LOGO_BANNER-980x551.webp 980w, https:\/\/enolie.com\/wp-content\/uploads\/2026\/03\/ENOLIE_LOGO_BANNER-480x270.webp 480w\" sizes=\"(min-width: 0px) and (max-width: 480px) 480px, (min-width: 481px) and (max-width: 980px) 980px, (min-width: 981px) and (max-width: 1280px) 1280px, (min-width: 1281px) 1920px, 100vw\" class=\"header-logo wp-image-4454\" title=\"ENOLIE_LOGO_BANNER\" \/><div class=\"et_pb_header_button_wrapper\"><\/div><\/div><\/div><\/div><div class=\"et_pb_fullwidth_header_overlay\"><\/div><div class=\"et_pb_fullwidth_header_scroll\"><\/div><\/section>\n<\/div>\n\n<div class=\"et_pb_section_1 et_pb_section et_pb_fullwidth_section et_section_regular et_block_section\"><div class=\"et_pb_fullwidth_menu_0 et_pb_fullwidth_menu et_pb_fullwidth_menu--without-logo et_pb_fullwidth_menu--style-centered et_dropdown_animation_fade et_pb_bg_layout_light et_pb_text_align_right-tablet et_pb_text_align_right-phone et_pb_module\"><div class=\"et_pb_row\"><div class=\"et_pb_menu__wrap\"><div class=\"et_pb_menu__menu\"><nav class=\"et-menu-nav fullwidth-menu-nav\"><ul id=\"menu-menu-principal-en\" class=\"et-menu fullwidth-menu nav downwards\"><li id=\"menu-item-3759\" class=\"et_pb_menu_page_id-home menu-item menu-item-type-post_type menu-item-object-page menu-item-home menu-item-3759\"><a href=\"https:\/\/enolie.com\/fr\/\">ACCUEIL<\/a><\/li>\n<li id=\"menu-item-3786\" class=\"et_pb_menu_page_id-3657 menu-item menu-item-type-post_type menu-item-object-page menu-item-3786\"><a href=\"https:\/\/enolie.com\/fr\/about-enolie\/\">A PROPOS<\/a><\/li>\n<li id=\"menu-item-3957\" class=\"et_pb_menu_page_id-3682 menu-item menu-item-type-post_type menu-item-object-page menu-item-3957\"><a href=\"https:\/\/enolie.com\/fr\/contact-enolie\/\">CONTACT<\/a><\/li>\n<li id=\"menu-item-4627\" class=\"et_pb_menu_page_id-4236 menu-item menu-item-type-post_type menu-item-object-page menu-item-4627\"><a href=\"https:\/\/enolie.com\/fr\/archives-enolie\/\">ARCHIVES<\/a><\/li>\n<\/ul><\/nav><\/div><div class=\"et_mobile_nav_menu\"><div class=\"mobile_nav closed\"><span class=\"mobile_menu_bar\"><\/span><\/div><\/div><\/div><\/div><\/div><\/div>\n\n<div class=\"et_pb_section_2 et_pb_section et_section_regular et_block_section\">\n<div class=\"et_pb_row_0 et_pb_row et_block_row\">\n<div class=\"et_pb_column_0 et_pb_column et_pb_column_4_4 et-last-child et_block_column et_pb_css_mix_blend_mode_passthrough\">\n<div class=\"et_pb_text_0 et_pb_text et_pb_bg_layout_light et_pb_module et_block_module preset--module--divi-text--default\"><div class=\"et_pb_text_inner\"><h1 style=\"text-align: center;\">Galerie<\/h1>\n<\/div><\/div>\n<\/div>\n<\/div>\n\n<div class=\"et_pb_row_1 et_pb_row et_block_row\">\n<div class=\"et_pb_column_1 et_pb_column et_pb_column_4_4 et-last-child et_block_column et_pb_css_mix_blend_mode_passthrough\">\n<div class=\"et_pb_image_0 et_pb_image et_pb_module et_block_module\"><span class=\"et_pb_image_wrap\"><img loading=\"lazy\" decoding=\"async\" src=\"https:\/\/enolie.com\/wp-content\/uploads\/2026\/02\/Enolie_LeLuberon.webp\" width=\"1400\" height=\"1000\" srcset=\"https:\/\/enolie.com\/wp-content\/uploads\/2026\/02\/Enolie_LeLuberon.webp 1400w, https:\/\/enolie.com\/wp-content\/uploads\/2026\/02\/Enolie_LeLuberon-1280x914.webp 1280w, https:\/\/enolie.com\/wp-content\/uploads\/2026\/02\/Enolie_LeLuberon-980x700.webp 980w, https:\/\/enolie.com\/wp-content\/uploads\/2026\/02\/Enolie_LeLuberon-480x343.webp 480w\" sizes=\"(min-width: 0px) and (max-width: 480px) 480px, (min-width: 481px) and (max-width: 980px) 980px, (min-width: 981px) and (max-width: 1280px) 1280px, (min-width: 1281px) 1400px, 100vw\" class=\"wp-image-4353\" title=\"Enolie_LeLuberon\" \/><\/span><\/div>\n\n<div class=\"et_pb_text_1 et_pb_text et_pb_bg_layout_light et_pb_module et_block_module preset--module--divi-text--default\"><div class=\"et_pb_text_inner\"><p style=\"text-align: center;\">\"Le Luberon\", acrylique sur ch\u00e2ssis entoil\u00e9, 50x70cm<\/p>\n<\/div><\/div>\n<\/div>\n<\/div>\n\n<div class=\"et_pb_row_2 et_pb_row et_pb_equal_columns et_block_row\">\n<div class=\"et_pb_column_2 et_pb_column et_pb_column_1_2 et_block_column et_pb_css_mix_blend_mode_passthrough\">\n<div class=\"et_pb_image_1 et_pb_image et_pb_module et_block_module\"><span class=\"et_pb_image_wrap\"><img loading=\"lazy\" decoding=\"async\" src=\"https:\/\/enolie.com\/wp-content\/uploads\/2026\/02\/JardinDorLumiere_Enolie.webp\" width=\"1000\" height=\"1000\" srcset=\"https:\/\/enolie.com\/wp-content\/uploads\/2026\/02\/JardinDorLumiere_Enolie.webp 1000w, https:\/\/enolie.com\/wp-content\/uploads\/2026\/02\/JardinDorLumiere_Enolie-980x980.webp 980w, https:\/\/enolie.com\/wp-content\/uploads\/2026\/02\/JardinDorLumiere_Enolie-480x480.webp 480w\" sizes=\"(min-width: 0px) and (max-width: 480px) 480px, (min-width: 481px) and (max-width: 980px) 980px, (min-width: 981px) 1000px, 100vw\" class=\"wp-image-4373\" title=\"JardinDorLumiere_Enolie\" alt=\"Tableau 20x20cm peint \u00e0 l&#039;acrylique sur carton entoil\u00e9 par Enolie. Il s&#039;agit d&#039;un paysage capt\u00e9 au Parc de la T\u00eate d&#039;Or quand elle vivait encore \u00e0 Lyon. On peut y voir deux rochers entour\u00e9s d&#039;une v\u00e9g\u00e9tation dense, diverse et color\u00e9e. 20x20cm acrylic painting on canvas board by Enolie. It depicts a landscape captured in the Parc de la T\u00eate d&#039;Or when she was still living in Lyon. Two rocks surrounded by dense, diverse, and colorful vegetation can be seen.\" \/><\/span><\/div>\n\n<div class=\"et_pb_text_2 et_pb_text et_pb_bg_layout_light et_pb_module et_block_module preset--module--divi-text--default\"><div class=\"et_pb_text_inner\"><p style=\"text-align: center;\">\"Le jardin d'Or et de lumi\u00e8re\", acrylique sur carton entoil\u00e9, 20x20cm<\/p>\n<\/div><\/div>\n\n<div class=\"et_pb_image_2 et_pb_image et_pb_module et_block_module\"><span class=\"et_pb_image_wrap\"><img loading=\"lazy\" decoding=\"async\" src=\"https:\/\/enolie.com\/wp-content\/uploads\/2026\/02\/Enolie_LesChevaux.webp\" width=\"1000\" height=\"1252\" srcset=\"https:\/\/enolie.com\/wp-content\/uploads\/2026\/02\/Enolie_LesChevaux.webp 1000w, https:\/\/enolie.com\/wp-content\/uploads\/2026\/02\/Enolie_LesChevaux-980x1227.webp 980w, https:\/\/enolie.com\/wp-content\/uploads\/2026\/02\/Enolie_LesChevaux-480x601.webp 480w\" sizes=\"(min-width: 0px) and (max-width: 480px) 480px, (min-width: 481px) and (max-width: 980px) 980px, (min-width: 981px) 1000px, 100vw\" class=\"wp-image-4357\" title=\"Enolie_LesChevaux\" \/><\/span><\/div>\n\n<div class=\"et_pb_text_3 et_pb_text et_pb_bg_layout_light et_pb_module et_block_module preset--module--divi-text--default\"><div class=\"et_pb_text_inner\"><p style=\"text-align: center;\">\"Les chevaux \", acrylique sur ch\u00e2ssis entoil\u00e9, 50x40cm<\/p>\n<\/div><\/div>\n\n<div class=\"et_pb_image_3 et_pb_image et_pb_module et_block_module\"><span class=\"et_pb_image_wrap\"><img loading=\"lazy\" decoding=\"async\" src=\"https:\/\/enolie.com\/wp-content\/uploads\/2026\/02\/Enolie_LesHortensias.webp\" width=\"935\" height=\"1252\" srcset=\"https:\/\/enolie.com\/wp-content\/uploads\/2026\/02\/Enolie_LesHortensias.webp 935w, https:\/\/enolie.com\/wp-content\/uploads\/2026\/02\/Enolie_LesHortensias-480x643.webp 480w\" sizes=\"(min-width: 0px) and (max-width: 480px) 480px, (min-width: 481px) 935px, 100vw\" class=\"wp-image-4358\" title=\"Enolie_LesHortensias\" \/><\/span><\/div>\n\n<div class=\"et_pb_text_4 et_pb_text et_pb_bg_layout_light et_pb_module et_block_module preset--module--divi-text--default\"><div class=\"et_pb_text_inner\"><p style=\"text-align: center;\">\"Les hortensias\", acrylique sur ch\u00e2ssis entoil\u00e9, 30x40cm<\/p>\n<\/div><\/div>\n\n<div class=\"et_pb_image_4 et_pb_image et_pb_module et_block_module\"><span class=\"et_pb_image_wrap\"><img loading=\"lazy\" decoding=\"async\" src=\"https:\/\/enolie.com\/wp-content\/uploads\/2026\/02\/Enolie_Accalmie.webp\" width=\"1000\" height=\"1000\" srcset=\"https:\/\/enolie.com\/wp-content\/uploads\/2026\/02\/Enolie_Accalmie.webp 1000w, https:\/\/enolie.com\/wp-content\/uploads\/2026\/02\/Enolie_Accalmie-980x980.webp 980w, https:\/\/enolie.com\/wp-content\/uploads\/2026\/02\/Enolie_Accalmie-480x480.webp 480w\" sizes=\"(min-width: 0px) and (max-width: 480px) 480px, (min-width: 481px) and (max-width: 980px) 980px, (min-width: 981px) 1000px, 100vw\" class=\"wp-image-4354\" title=\"Enolie_Accalmie\" alt=\"Tableau 50x50cm peint \u00e0 l&#039;acrylique sur ch\u00e2ssis entoil\u00e9 par Enolie. Une vue d&#039;un bord de mer du c\u00f4t\u00e9 de la Bretagne. Une plage endormie berc\u00e9e par la v\u00e9g\u00e9tation qui l&#039;entoure et une mer sans remous. 50x50cm acrylic painting on canvas by Enolie. A view of the coastline in Brittany. A sleepy beach surrounded by vegetation and a calm sea.\" \/><\/span><\/div>\n\n<div class=\"et_pb_text_5 et_pb_text et_pb_bg_layout_light et_pb_module et_block_module preset--module--divi-text--default\"><div class=\"et_pb_text_inner\"><p style=\"text-align: center;\">\"Accalmie\", acrylique sur ch\u00e2ssis entoil\u00e9, 50x50cm<\/p>\n<\/div><\/div>\n\n<div class=\"et_pb_image_5 et_pb_image et_pb_module et_block_module\"><span class=\"et_pb_image_wrap\"><img loading=\"lazy\" decoding=\"async\" src=\"https:\/\/enolie.com\/wp-content\/uploads\/2026\/02\/Enolie_EntreLesBuissons.webp\" width=\"1000\" height=\"1000\" srcset=\"https:\/\/enolie.com\/wp-content\/uploads\/2026\/02\/Enolie_EntreLesBuissons.webp 1000w, https:\/\/enolie.com\/wp-content\/uploads\/2026\/02\/Enolie_EntreLesBuissons-980x980.webp 980w, https:\/\/enolie.com\/wp-content\/uploads\/2026\/02\/Enolie_EntreLesBuissons-480x480.webp 480w\" sizes=\"(min-width: 0px) and (max-width: 480px) 480px, (min-width: 481px) and (max-width: 980px) 980px, (min-width: 981px) 1000px, 100vw\" class=\"wp-image-4355\" title=\"Enolie_EntreLesBuissons\" \/><\/span><\/div>\n\n<div class=\"et_pb_text_6 et_pb_text et_pb_bg_layout_light et_pb_module et_block_module preset--module--divi-text--default\"><div class=\"et_pb_text_inner\"><p style=\"text-align: center;\">\"Entre les buissons\", acrylique sur carton entoil\u00e9, 20x20cm<\/p>\n<\/div><\/div>\n<\/div>\n\n<div class=\"et_pb_column_3 et_pb_column et_pb_column_1_2 et-last-child et_block_column et_pb_css_mix_blend_mode_passthrough\">\n<div class=\"et_pb_image_6 et_pb_image et_pb_module et_block_module\"><span class=\"et_pb_image_wrap\"><img loading=\"lazy\" decoding=\"async\" src=\"https:\/\/enolie.com\/wp-content\/uploads\/2026\/02\/Enolie_MatinDePrintemps.webp\" width=\"1000\" height=\"1000\" srcset=\"https:\/\/enolie.com\/wp-content\/uploads\/2026\/02\/Enolie_MatinDePrintemps.webp 1000w, https:\/\/enolie.com\/wp-content\/uploads\/2026\/02\/Enolie_MatinDePrintemps-980x980.webp 980w, https:\/\/enolie.com\/wp-content\/uploads\/2026\/02\/Enolie_MatinDePrintemps-480x480.webp 480w\" sizes=\"(min-width: 0px) and (max-width: 480px) 480px, (min-width: 481px) and (max-width: 980px) 980px, (min-width: 981px) 1000px, 100vw\" class=\"wp-image-4365\" title=\"Enolie_MatinDePrintemps\" alt=\"Tableau 80x80cm peint \u00e0 l&#039;acrylique sur ch\u00e2ssis entoil\u00e9 par Enolie. Une vue du Parc de la T\u00eate d&#039;Or \u00e0 Lyon, o\u00f9 arbres, feuillages et fleurs se c\u00f4toient dans un balai color\u00e9. 80x80cm acrylic painting on canvas by Enolie. A view of the Parc de la T\u00eate d&#039;Or in Lyon, France, where trees, foliage and flowers come together in a colourful display.\" \/><\/span><\/div>\n\n<div class=\"et_pb_text_7 et_pb_text et_pb_bg_layout_light et_pb_module et_block_module preset--module--divi-text--default\"><div class=\"et_pb_text_inner\"><p style=\"text-align: center;\">\"Un matin de Printemps\", acrylique sur ch\u00e2ssis entoil\u00e9, 80x80cm<\/p>\n<\/div><\/div>\n\n<div class=\"et_pb_image_7 et_pb_image et_pb_module et_block_module\"><span class=\"et_pb_image_wrap\"><img loading=\"lazy\" decoding=\"async\" src=\"https:\/\/enolie.com\/wp-content\/uploads\/2026\/02\/Enolie_Reverie.webp\" width=\"671\" height=\"1322\" srcset=\"https:\/\/enolie.com\/wp-content\/uploads\/2026\/02\/Enolie_Reverie.webp 671w, https:\/\/enolie.com\/wp-content\/uploads\/2026\/02\/Enolie_Reverie-480x946.webp 480w\" sizes=\"(min-width: 0px) and (max-width: 480px) 480px, (min-width: 481px) 671px, 100vw\" class=\"wp-image-4363\" title=\"Enolie_Reverie\" alt=\"Tableau 40x80cm peint \u00e0 l&#039;acrylique sur ch\u00e2ssis entoil\u00e9 par Enolie. Un jardin paisible aux couleurs presque irr\u00e9elles, tout droit sorti de l&#039;imagination de l&#039;artiste. Une douce parenth\u00e8se, un r\u00eave \u00e9veill\u00e9 o\u00f9 le temps semble s&#039;\u00eatre suspendu. 40x80cm acrylic painting on canvas by Enolie. A peaceful garden in almost unreal colours, straight out of the artist&#039;s imagination. A gentle interlude, a waking dream where time seems to stand still.\" \/><\/span><\/div>\n\n<div class=\"et_pb_text_8 et_pb_text et_pb_bg_layout_light et_pb_module et_block_module preset--module--divi-text--default\"><div class=\"et_pb_text_inner\"><p style=\"text-align: center;\">\"Reverie\", acrylique sur ch\u00e2ssis entoil\u00e9, 40x80cm<\/p>\n<\/div><\/div>\n\n<div class=\"et_pb_image_8 et_pb_image et_pb_module et_block_module\"><span class=\"et_pb_image_wrap\"><img loading=\"lazy\" decoding=\"async\" src=\"https:\/\/enolie.com\/wp-content\/uploads\/2026\/02\/Enolie_Recueillement.webp\" width=\"1000\" height=\"1000\" srcset=\"https:\/\/enolie.com\/wp-content\/uploads\/2026\/02\/Enolie_Recueillement.webp 1000w, https:\/\/enolie.com\/wp-content\/uploads\/2026\/02\/Enolie_Recueillement-980x980.webp 980w, https:\/\/enolie.com\/wp-content\/uploads\/2026\/02\/Enolie_Recueillement-480x480.webp 480w\" sizes=\"(min-width: 0px) and (max-width: 480px) 480px, (min-width: 481px) and (max-width: 980px) 980px, (min-width: 981px) 1000px, 100vw\" class=\"wp-image-4359\" title=\"Enolie_Recueillement\" \/><\/span><\/div>\n\n<div class=\"et_pb_text_9 et_pb_text et_pb_bg_layout_light et_pb_module et_block_module preset--module--divi-text--default\"><div class=\"et_pb_text_inner\"><p style=\"text-align: center;\">\"Recueillement apr\u00e8s la temp\u00eate\", acrylique sur ch\u00e2ssis entoil\u00e9, 50x50cm<\/p>\n<\/div><\/div>\n\n<div class=\"et_pb_image_9 et_pb_image et_pb_module et_block_module\"><span class=\"et_pb_image_wrap\"><img loading=\"lazy\" decoding=\"async\" src=\"https:\/\/enolie.com\/wp-content\/uploads\/2026\/02\/Enolie_SteVictoire.webp\" width=\"1000\" height=\"1000\" srcset=\"https:\/\/enolie.com\/wp-content\/uploads\/2026\/02\/Enolie_SteVictoire.webp 1000w, https:\/\/enolie.com\/wp-content\/uploads\/2026\/02\/Enolie_SteVictoire-980x980.webp 980w, https:\/\/enolie.com\/wp-content\/uploads\/2026\/02\/Enolie_SteVictoire-480x480.webp 480w\" sizes=\"(min-width: 0px) and (max-width: 480px) 480px, (min-width: 481px) and (max-width: 980px) 980px, (min-width: 981px) 1000px, 100vw\" class=\"wp-image-4360\" title=\"Enolie_SteVictoire\" \/><\/span><\/div>\n\n<div class=\"et_pb_text_10 et_pb_text et_pb_bg_layout_light et_pb_module et_block_module preset--module--divi-text--default\"><div class=\"et_pb_text_inner\"><p style=\"text-align: center;\">\"Sainte-Victoire\", acrylique sur carton entoil\u00e9, 20x20cm<\/p>\n<\/div><\/div>\n<\/div>\n<\/div>\n<\/div>\n\n<div class=\"et_pb_section_3 et_pb_section et_section_regular et_block_section\">\n<div class=\"et_pb_row_3 et_pb_row et_pb_equal_columns et_pb_gutters2 et_block_row\">\n<div class=\"et_pb_column_4 et_pb_column et_pb_column_1_3 et_block_column et_pb_css_mix_blend_mode_passthrough\">\n<div class=\"et_pb_image_10 et_pb_image et_pb_module et_block_module\"><span class=\"et_pb_image_wrap\"><img loading=\"lazy\" decoding=\"async\" src=\"https:\/\/enolie.com\/wp-content\/uploads\/2025\/11\/ENOLIE_LOGO_GREEN.webp\" width=\"1920\" height=\"1080\" srcset=\"https:\/\/enolie.com\/wp-content\/uploads\/2025\/11\/ENOLIE_LOGO_GREEN.webp 1920w, https:\/\/enolie.com\/wp-content\/uploads\/2025\/11\/ENOLIE_LOGO_GREEN-1280x720.webp 1280w, https:\/\/enolie.com\/wp-content\/uploads\/2025\/11\/ENOLIE_LOGO_GREEN-980x551.webp 980w, https:\/\/enolie.com\/wp-content\/uploads\/2025\/11\/ENOLIE_LOGO_GREEN-480x270.webp 480w\" sizes=\"(min-width: 0px) and (max-width: 480px) 480px, (min-width: 481px) and (max-width: 980px) 980px, (min-width: 981px) and (max-width: 1280px) 1280px, (min-width: 1281px) 1920px, 100vw\" class=\"wp-image-3639\" title=\"ENOLIE_LOGO_GREEN\" \/><\/span><\/div>\n<\/div>\n\n<div class=\"et_pb_column_5 et_pb_column et_pb_column_1_3 et_block_column et_pb_column_empty et_pb_css_mix_blend_mode_passthrough\"><\/div>\n\n<div class=\"et_pb_column_6 et_pb_column et_pb_column_1_3 et-last-child et_block_column et_pb_css_mix_blend_mode_passthrough\">\n<div class=\"et_pb_text_11 et_pb_text et_pb_bg_layout_light et_pb_module et_block_module preset--module--divi-text--default\"><div class=\"et_pb_text_inner\"><p><a href=\"https:\/\/enolie.com\/fr\/about\/\">A PROPOS<\/a><\/p>\n<p><a href=\"https:\/\/enolie.com\/fr\/contact-enolie\/\">CONTACT<\/a><\/p>\n<p><a href=\"https:\/\/enolie.com\/fr\/legal-notice\/\">MENTIONS LEGALES<\/a><\/p>\n<p><a href=\"https:\/\/enolie.com\/fr\/cookie-policy\/\">POLITIQUE DE COOKIES<\/a><\/p>\n<\/div><\/div>\n\n<ul class=\"et_pb_social_media_follow_0 et_pb_social_media_follow clearfix et_pb_bg_layout_light et_pb_module et_block_module\">\n<li class=\"et_pb_social_media_follow_network_0 et_pb_social_media_follow_network et_pb_social_icon et_pb_social_network_link et-social-instagram et_pb_module et_flex_module\"><a href=\"https:\/\/www.instagram.com\/enolie_art\/\" class=\"icon\" target=\"_self\" title=\"Suivre sur Instagram\" rel=\"noopener\"><span class=\"et_pb_social_media_follow_network_name\">Suivre<\/span><\/a><\/li>\n\n<li class=\"et_pb_social_media_follow_network_1 et_pb_social_media_follow_network et_pb_social_icon et_pb_social_network_link et-social-youtube et_pb_module et_flex_module\"><a href=\"https:\/\/www.youtube.com\/@enolie\" class=\"icon\" target=\"_self\" title=\"Suivre sur Youtube\" rel=\"noopener\"><span class=\"et_pb_social_media_follow_network_name\">Suivre<\/span><\/a><\/li>\n<\/ul>\n<\/div>\n<\/div>\n<\/div>","protected":false},"excerpt":{"rendered":"","protected":false},"author":1,"featured_media":0,"parent":0,"menu_order":0,"comment_status":"closed","ping_status":"closed","template":"","meta":{"footnotes":""},"class_list":["post-4236","page","type-page","status-publish","hentry"],"yoast_head":"<!-- This site is optimized with the Yoast SEO plugin v27.4 - https:\/\/yoast.com\/product\/yoast-seo-wordpress\/ -->\n<title>Enolie | Gallery<\/title>\n<meta name=\"description\" content=\"Discover the art of Enolie, an artist and painter passionate about nature and landscapes, through a selection of artworks.\" \/>\n<meta name=\"robots\" content=\"index, follow, max-snippet:-1, max-image-preview:large, max-video-preview:-1\" \/>\n<link rel=\"canonical\" href=\"https:\/\/enolie.com\/fr\/archives-enolie\/\" \/>\n<meta property=\"og:locale\" content=\"fr_FR\" \/>\n<meta property=\"og:type\" content=\"article\" \/>\n<meta property=\"og:title\" content=\"Enolie | Gallery\" \/>\n<meta property=\"og:description\" content=\"Discover the art of Enolie, an artist and painter passionate about nature and landscapes, through a selection of artworks.\" \/>\n<meta property=\"og:url\" content=\"https:\/\/enolie.com\/fr\/archives-enolie\/\" \/>\n<meta property=\"og:site_name\" content=\"Enolie\" \/>\n<meta property=\"article:modified_time\" content=\"2026-04-25T10:31:18+00:00\" \/>\n<meta name=\"twitter:card\" content=\"summary_large_image\" \/>\n<meta name=\"twitter:label1\" content=\"Dur\u00e9e de lecture estim\u00e9e\" \/>\n\t<meta name=\"twitter:data1\" content=\"3 minutes\" \/>\n<script type=\"application\/ld+json\" class=\"yoast-schema-graph\">{\"@context\":\"https:\\\/\\\/schema.org\",\"@graph\":[{\"@type\":\"WebPage\",\"@id\":\"https:\\\/\\\/enolie.com\\\/archives-enolie\\\/\",\"url\":\"https:\\\/\\\/enolie.com\\\/archives-enolie\\\/\",\"name\":\"Enolie | Gallery\",\"isPartOf\":{\"@id\":\"https:\\\/\\\/enolie.com\\\/#website\"},\"datePublished\":\"2026-01-22T08:06:59+00:00\",\"dateModified\":\"2026-04-25T10:31:18+00:00\",\"description\":\"Discover the art of Enolie, an artist and painter passionate about nature and landscapes, through a selection of artworks.\",\"breadcrumb\":{\"@id\":\"https:\\\/\\\/enolie.com\\\/archives-enolie\\\/#breadcrumb\"},\"inLanguage\":\"fr-FR\",\"potentialAction\":[{\"@type\":\"ReadAction\",\"target\":[\"https:\\\/\\\/enolie.com\\\/archives-enolie\\\/\"]}]},{\"@type\":\"BreadcrumbList\",\"@id\":\"https:\\\/\\\/enolie.com\\\/archives-enolie\\\/#breadcrumb\",\"itemListElement\":[{\"@type\":\"ListItem\",\"position\":1,\"name\":\"Accueil\",\"item\":\"https:\\\/\\\/enolie.com\\\/\"},{\"@type\":\"ListItem\",\"position\":2,\"name\":\"Archives\"}]},{\"@type\":\"WebSite\",\"@id\":\"https:\\\/\\\/enolie.com\\\/#website\",\"url\":\"https:\\\/\\\/enolie.com\\\/\",\"name\":\"Enolie\",\"description\":\"Artiste peintre\",\"publisher\":{\"@id\":\"https:\\\/\\\/enolie.com\\\/#organization\"},\"potentialAction\":[{\"@type\":\"SearchAction\",\"target\":{\"@type\":\"EntryPoint\",\"urlTemplate\":\"https:\\\/\\\/enolie.com\\\/?s={search_term_string}\"},\"query-input\":{\"@type\":\"PropertyValueSpecification\",\"valueRequired\":true,\"valueName\":\"search_term_string\"}}],\"inLanguage\":\"fr-FR\"},{\"@type\":\"Organization\",\"@id\":\"https:\\\/\\\/enolie.com\\\/#organization\",\"name\":\"Enolie\",\"url\":\"https:\\\/\\\/enolie.com\\\/\",\"logo\":{\"@type\":\"ImageObject\",\"inLanguage\":\"fr-FR\",\"@id\":\"https:\\\/\\\/enolie.com\\\/#\\\/schema\\\/logo\\\/image\\\/\",\"url\":\"https:\\\/\\\/enolie.com\\\/wp-content\\\/uploads\\\/2022\\\/07\\\/cropped-Favicon_Tulipe2-1.png\",\"contentUrl\":\"https:\\\/\\\/enolie.com\\\/wp-content\\\/uploads\\\/2022\\\/07\\\/cropped-Favicon_Tulipe2-1.png\",\"width\":512,\"height\":512,\"caption\":\"Enolie\"},\"image\":{\"@id\":\"https:\\\/\\\/enolie.com\\\/#\\\/schema\\\/logo\\\/image\\\/\"},\"sameAs\":[\"https:\\\/\\\/www.instagram.com\\\/enolie_art\\\/\",\"https:\\\/\\\/www.pinterest.fr\\\/enolie_art\\\/_saved\\\/\"]}]}<\/script>\n<!-- \/ Yoast SEO plugin. -->","yoast_head_json":{"title":"Enolie | Gallery","description":"Discover the art of Enolie, an artist and painter passionate about nature and landscapes, through a selection of artworks.","robots":{"index":"index","follow":"follow","max-snippet":"max-snippet:-1","max-image-preview":"max-image-preview:large","max-video-preview":"max-video-preview:-1"},"canonical":"https:\/\/enolie.com\/fr\/archives-enolie\/","og_locale":"fr_FR","og_type":"article","og_title":"Enolie | Gallery","og_description":"Discover the art of Enolie, an artist and painter passionate about nature and landscapes, through a selection of artworks.","og_url":"https:\/\/enolie.com\/fr\/archives-enolie\/","og_site_name":"Enolie","article_modified_time":"2026-04-25T10:31:18+00:00","twitter_card":"summary_large_image","twitter_misc":{"Dur\u00e9e de lecture estim\u00e9e":"3 minutes"},"schema":{"@context":"https:\/\/schema.org","@graph":[{"@type":"WebPage","@id":"https:\/\/enolie.com\/archives-enolie\/","url":"https:\/\/enolie.com\/archives-enolie\/","name":"Enolie | Gallery","isPartOf":{"@id":"https:\/\/enolie.com\/#website"},"datePublished":"2026-01-22T08:06:59+00:00","dateModified":"2026-04-25T10:31:18+00:00","description":"Discover the art of Enolie, an artist and painter passionate about nature and landscapes, through a selection of artworks.","breadcrumb":{"@id":"https:\/\/enolie.com\/archives-enolie\/#breadcrumb"},"inLanguage":"fr-FR","potentialAction":[{"@type":"ReadAction","target":["https:\/\/enolie.com\/archives-enolie\/"]}]},{"@type":"BreadcrumbList","@id":"https:\/\/enolie.com\/archives-enolie\/#breadcrumb","itemListElement":[{"@type":"ListItem","position":1,"name":"Accueil","item":"https:\/\/enolie.com\/"},{"@type":"ListItem","position":2,"name":"Archives"}]},{"@type":"WebSite","@id":"https:\/\/enolie.com\/#website","url":"https:\/\/enolie.com\/","name":"Enolie","description":"Artiste peintre","publisher":{"@id":"https:\/\/enolie.com\/#organization"},"potentialAction":[{"@type":"SearchAction","target":{"@type":"EntryPoint","urlTemplate":"https:\/\/enolie.com\/?s={search_term_string}"},"query-input":{"@type":"PropertyValueSpecification","valueRequired":true,"valueName":"search_term_string"}}],"inLanguage":"fr-FR"},{"@type":"Organization","@id":"https:\/\/enolie.com\/#organization","name":"Enolie","url":"https:\/\/enolie.com\/","logo":{"@type":"ImageObject","inLanguage":"fr-FR","@id":"https:\/\/enolie.com\/#\/schema\/logo\/image\/","url":"https:\/\/enolie.com\/wp-content\/uploads\/2022\/07\/cropped-Favicon_Tulipe2-1.png","contentUrl":"https:\/\/enolie.com\/wp-content\/uploads\/2022\/07\/cropped-Favicon_Tulipe2-1.png","width":512,"height":512,"caption":"Enolie"},"image":{"@id":"https:\/\/enolie.com\/#\/schema\/logo\/image\/"},"sameAs":["https:\/\/www.instagram.com\/enolie_art\/","https:\/\/www.pinterest.fr\/enolie_art\/_saved\/"]}]}},"_links":{"self":[{"href":"https:\/\/enolie.com\/fr\/wp-json\/wp\/v2\/pages\/4236","targetHints":{"allow":["GET"]}}],"collection":[{"href":"https:\/\/enolie.com\/fr\/wp-json\/wp\/v2\/pages"}],"about":[{"href":"https:\/\/enolie.com\/fr\/wp-json\/wp\/v2\/types\/page"}],"author":[{"embeddable":true,"href":"https:\/\/enolie.com\/fr\/wp-json\/wp\/v2\/users\/1"}],"replies":[{"embeddable":true,"href":"https:\/\/enolie.com\/fr\/wp-json\/wp\/v2\/comments?post=4236"}],"version-history":[{"count":19,"href":"https:\/\/enolie.com\/fr\/wp-json\/wp\/v2\/pages\/4236\/revisions"}],"predecessor-version":[{"id":4612,"href":"https:\/\/enolie.com\/fr\/wp-json\/wp\/v2\/pages\/4236\/revisions\/4612"}],"wp:attachment":[{"href":"https:\/\/enolie.com\/fr\/wp-json\/wp\/v2\/media?parent=4236"}],"curies":[{"name":"wp","href":"https:\/\/api.w.org\/{rel}","templated":true}]}}